{"id":67,"date":"2016-06-22T01:33:14","date_gmt":"2016-06-22T00:33:14","guid":{"rendered":"https:\/\/the7.io\/construction\/?page_id=67"},"modified":"2020-07-04T16:31:21","modified_gmt":"2020-07-04T16:31:21","slug":"construction-service-page","status":"publish","type":"page","link":"https:\/\/academiabgo.es\/eu\/clases-de-dibujo-y-pintura-para-todas-las-edades\/construction-service-page\/","title":{"rendered":"Oleoa"},"content":{"rendered":"<div class=\"wpb-content-wrapper\"><div class=\"vc_row wpb_row vc_row-fluid vc_custom_1474268037787\"><div class=\"wpb_column vc_column_container vc_col-sm-12 vc_col-lg-12 vc_col-md-12 vc_col-xs-12\"><div class=\"vc_column-inner\"><div class=\"wpb_wrapper\"><style type=\"text\/css\" data-type=\"the7_shortcodes-inline-css\">.shortcode-single-image-wrap.shortcode-single-image-2101f539082342dfd3c70bd26983e510.enable-bg-rollover .rollover i,\n.shortcode-single-image-wrap.shortcode-single-image-2101f539082342dfd3c70bd26983e510.enable-bg-rollover .rollover-video i {\n  background: ;\n  background: -webkit-linear-gradient();\n  background: linear-gradient();\n}\n.shortcode-single-image-wrap.shortcode-single-image-2101f539082342dfd3c70bd26983e510 .rollover-icon {\n  font-size: 32px;\n  color: #ffffff;\n  min-width: 44px;\n  min-height: 44px;\n  line-height: 44px;\n  border-radius: 100px;\n  border-style: solid;\n  border-width: 0px;\n}\n.dt-icon-bg-on.shortcode-single-image-wrap.shortcode-single-image-2101f539082342dfd3c70bd26983e510 .rollover-icon {\n  background: rgba(255,255,255,0.3);\n  box-shadow: none;\n}<\/style><div class=\"shortcode-single-image-wrap shortcode-single-image-2101f539082342dfd3c70bd26983e510 alignnone  vc_custom_1593878408306 enable-bg-rollover dt-icon-bg-off\" ><div class=\"shortcode-single-image\"><div class=\"fancy-media-wrap  layzr-bg\" style=\"\"><img fetchpriority=\"high\" decoding=\"async\" class=\"preload-me lazy-load aspect\" src=\"data:image\/svg+xml,%3Csvg%20xmlns%3D&#39;http%3A%2F%2Fwww.w3.org%2F2000%2Fsvg&#39;%20viewBox%3D&#39;0%200%201000%20500&#39;%2F%3E\" data-src=\"https:\/\/academiabgo.es\/wp-content\/uploads\/2020\/07\/media-paleta-\u00f3leo-con-pincel-1000x500.png\" data-srcset=\"https:\/\/academiabgo.es\/wp-content\/uploads\/2020\/07\/media-paleta-\u00f3leo-con-pincel-1000x500.png 1000w\" loading=\"eager\" sizes=\"(max-width: 1000px) 100vw, 1000px\" width=\"1000\" height=\"500\"  data-dt-location=\"https:\/\/academiabgo.es\/eu\/clases-de-dibujo-y-pintura-para-todas-las-edades\/construction-service-page\/media-paleta-oleo-con-pincel\/\" style=\"--ratio: 1000 \/ 500;\" alt=\"\" \/><\/div><\/div><\/div><div id=\"ultimate-heading-237769e5cc79c1e86\" class=\"uvc-heading ult-adjust-bottom-margin ultimate-heading-237769e5cc79c1e86 uvc-9788 accent-border-color\" data-hspacer=\"line_only\"  data-halign=\"left\" style=\"text-align:left\"><div class=\"uvc-main-heading ult-responsive\"  data-ultimate-target='.uvc-heading.ultimate-heading-237769e5cc79c1e86 h2'  data-responsive-json-new='{\"font-size\":\"desktop:26px;\",\"line-height\":\"desktop:36px;\"}' ><h2 style=\"font-weight:bold;\">Residential Construction<\/h2><\/div><div class=\"uvc-heading-spacer line_only\" style=\"margin-top:15px;margin-bottom:30px;height:4px;\"><span class=\"uvc-headings-line\" style=\"border-style:solid;border-bottom-width:4px;border-color:;width:50px;\"><\/span><\/div><\/div>\n\t<div class=\"wpb_text_column wpb_content_element  vc_custom_1593879480926\" >\n\t\t<div class=\"wpb_wrapper\">\n\t\t\t<p>La palabra \u00f3leo viene del lat\u00edn, oleum, significa aceite. Esta t\u00e9cnica consiste en mezclar los pigmentos con un aglutinante a base de aceites, normalmente de origen vegetal.<\/p>\n<p>Es un medio utilizado desde la edad media y por grandes pintores pero cualquier persona que se lo proponga es capaz de pintar un cuadro con esta t\u00e9cnica, porque es una pintura grasa, flexible y de secado lento que favorece la mezcla de colores y nos permite corregir sin dificultad.<\/p>\n\n\t\t<\/div>\n\t<\/div>\n<div id=\"ultimate-heading-168869e5cc79c22c3\" class=\"uvc-heading ult-adjust-bottom-margin ultimate-heading-168869e5cc79c22c3 uvc-7375 accent-border-color\" data-hspacer=\"line_only\"  data-halign=\"left\" style=\"text-align:left\"><div class=\"uvc-main-heading ult-responsive\"  data-ultimate-target='.uvc-heading.ultimate-heading-168869e5cc79c22c3 h2'  data-responsive-json-new='{\"font-size\":\"desktop:26px;\",\"line-height\":\"desktop:36px;\"}' ><h2 style=\"font-weight:bold;\">Professional Experience<\/h2><\/div><div class=\"uvc-heading-spacer line_only\" style=\"margin-top:15px;margin-bottom:40px;height:4px;\"><span class=\"uvc-headings-line\" style=\"border-style:solid;border-bottom-width:4px;border-color:;width:50px;\"><\/span><\/div><\/div>\n\t<div class=\"wpb_accordion wpb_content_element  not-column-inherit dt-style dt-accordion-bg-on dt-accordion-text-big\" data-collapsible=\"\" data-vc-disable-keydown=\"false\" data-active-tab=\"false\">\n\t\t<div class=\"wpb_wrapper wpb_accordion_wrapper ui-accordion\">\n\n\n\t<div class=\"wpb_accordion_section group\">\n\t\t<h3 class=\"wpb_accordion_header ui-accordion-header\"><a href=\"#nam-facilisis-ultricies-sapien-nec-pretium\"><span>Nam facilisis ultricies sapien nec pretium<\/span><\/a><\/h3>\n\t\t<div class=\"wpb_accordion_content ui-accordion-content vc_clearfix\">\n\t\t\t\n\t<div class=\"wpb_text_column wpb_content_element  vc_custom_1474267829894\" >\n\t\t<div class=\"wpb_wrapper\">\n\t\t\t<p>Cras porta ligula vitae velit ornare interdum. Mauris consectetur mi vitae commodo pellentesque. Maecenas maximus tempus purus, et feugiat lectus efficitur eget.<\/p>\n<p>Sed est tellus, vulputate sit amet justo non, varius malesuada dolor. Nullam ullamcorper, metus non rhoncus placerat, urna purus auctor nibh, non finibus sapien turpis ut mauris. Maecenas nec tellus ultricies, sollicitudin nulla vitae, suscipit dui. Donec hendrerit lacus risus, vel placerat augue gravida eget.<\/p>\n\n\t\t<\/div>\n\t<\/div>\n\n\t\t<\/div>\n\t<\/div>\n\n\t<div class=\"wpb_accordion_section group\">\n\t\t<h3 class=\"wpb_accordion_header ui-accordion-header\"><a href=\"#praesent-eleifend-bibendum-libero\"><span>Praesent eleifend bibendum libero<\/span><\/a><\/h3>\n\t\t<div class=\"wpb_accordion_content ui-accordion-content vc_clearfix\">\n\t\t\t\n\t<div class=\"wpb_text_column wpb_content_element  vc_custom_1474267863415\" >\n\t\t<div class=\"wpb_wrapper\">\n\t\t\t<p>Mauris consectetur mi vitae commodo pellentesque. Maecenas maximus tempus purus, et feugiat lectus efficitur eget.<\/p>\n<p>Sed est tellus, vulputate sit amet justo non, varius malesuada dolor. Nullam ullamcorper, metus non rhoncus placerat, urna purus auctor nibh, non finibus sapien turpis ut mauris. Maecenas nec tellus ultricies, sollicitudin nulla vitae, suscipit dui.<\/p>\n\n\t\t<\/div>\n\t<\/div>\n\n\t\t<\/div>\n\t<\/div>\n\n\t<div class=\"wpb_accordion_section group\">\n\t\t<h3 class=\"wpb_accordion_header ui-accordion-header\"><a href=\"#vestibulum-turpis-nibh\"><span>Vestibulum turpis nibh<\/span><\/a><\/h3>\n\t\t<div class=\"wpb_accordion_content ui-accordion-content vc_clearfix\">\n\t\t\t\n\t<div class=\"wpb_text_column wpb_content_element  vc_custom_1474267829894\" >\n\t\t<div class=\"wpb_wrapper\">\n\t\t\t<p>Cras porta ligula vitae velit ornare interdum. Mauris consectetur mi vitae commodo pellentesque. Maecenas maximus tempus purus, et feugiat lectus efficitur eget.<\/p>\n<p>Sed est tellus, vulputate sit amet justo non, varius malesuada dolor. Nullam ullamcorper, metus non rhoncus placerat, urna purus auctor nibh, non finibus sapien turpis ut mauris. Maecenas nec tellus ultricies, sollicitudin nulla vitae, suscipit dui. Donec hendrerit lacus risus, vel placerat augue gravida eget.<\/p>\n\n\t\t<\/div>\n\t<\/div>\n\n\t\t<\/div>\n\t<\/div>\n\n\t<div class=\"wpb_accordion_section group\">\n\t\t<h3 class=\"wpb_accordion_header ui-accordion-header\"><a href=\"#lorem-ipsum-dolor-sit-amet\"><span>Lorem ipsum dolor sit amet<\/span><\/a><\/h3>\n\t\t<div class=\"wpb_accordion_content ui-accordion-content vc_clearfix\">\n\t\t\t\n\t<div class=\"wpb_text_column wpb_content_element  vc_custom_1474267890925\" >\n\t\t<div class=\"wpb_wrapper\">\n\t\t\t<p>Cras porta ligula vitae velit ornare interdum. Mauris consectetur mi vitae commodo pellentesque. Maecenas maximus tempus purus, et feugiat lectus efficitur eget. Sed est tellus, vulputate sit amet justo non, varius malesuada dolor. Nullam ullamcorper, metus non rhoncus placerat, urna purus auctor nibh, non finibus sapien turpis ut mauris. Maecenas nec tellus ultricies, sollicitudin nulla vitae, suscipit dui.<\/p>\n\n\t\t<\/div>\n\t<\/div>\n\n\t\t<\/div>\n\t<\/div>\n\n\t\t<\/div>\n\t<\/div>\n<\/div><\/div><\/div><\/div>\n<\/div>","protected":false},"excerpt":{"rendered":"<p>Residential Construction La palabra \u00f3leo viene del lat\u00edn, oleum, significa aceite. Esta t\u00e9cnica consiste en mezclar los pigmentos con un aglutinante a base de aceites, normalmente de origen vegetal. Es un medio utilizado desde la edad media y por grandes pintores pero cualquier persona que se lo proponga es capaz de pintar un cuadro con&hellip;<\/p>","protected":false},"author":1,"featured_media":0,"parent":27,"menu_order":0,"comment_status":"closed","ping_status":"closed","template":"","meta":{"footnotes":""},"class_list":["post-67","page","type-page","status-publish","hentry","description-off"],"yoast_head":"<!-- This site is optimized with the Yoast SEO plugin v27.4 - https:\/\/yoast.com\/product\/yoast-seo-wordpress\/ -->\n<title>\u00d3leo - Academia de dibujo y pintura Bgo<\/title>\n<meta name=\"robots\" content=\"index, follow, max-snippet:-1, max-image-preview:large, max-video-preview:-1\" \/>\n<link rel=\"canonical\" href=\"https:\/\/academiabgo.es\/eu\/clases-de-dibujo-y-pintura-para-todas-las-edades\/construction-service-page\/\" \/>\n<meta property=\"og:locale\" content=\"en_US\" \/>\n<meta property=\"og:type\" content=\"article\" \/>\n<meta property=\"og:title\" content=\"\u00d3leo - Academia de dibujo y pintura Bgo\" \/>\n<meta property=\"og:url\" content=\"https:\/\/academiabgo.es\/eu\/clases-de-dibujo-y-pintura-para-todas-las-edades\/construction-service-page\/\" \/>\n<meta property=\"og:site_name\" content=\"Academia de dibujo y pintura Bgo\" \/>\n<meta property=\"article:modified_time\" content=\"2020-07-04T16:31:21+00:00\" \/>\n<meta name=\"twitter:card\" content=\"summary_large_image\" \/>\n<script type=\"application\/ld+json\" class=\"yoast-schema-graph\">{\"@context\":\"https:\\\/\\\/schema.org\",\"@graph\":[{\"@type\":\"WebPage\",\"@id\":\"https:\\\/\\\/academiabgo.es\\\/clases-de-dibujo-y-pintura-para-todas-las-edades\\\/construction-service-page\\\/\",\"url\":\"https:\\\/\\\/academiabgo.es\\\/clases-de-dibujo-y-pintura-para-todas-las-edades\\\/construction-service-page\\\/\",\"name\":\"\u00d3leo - Academia de dibujo y pintura Bgo\",\"isPartOf\":{\"@id\":\"https:\\\/\\\/academiabgo.es\\\/#website\"},\"datePublished\":\"2016-06-22T00:33:14+00:00\",\"dateModified\":\"2020-07-04T16:31:21+00:00\",\"breadcrumb\":{\"@id\":\"https:\\\/\\\/academiabgo.es\\\/clases-de-dibujo-y-pintura-para-todas-las-edades\\\/construction-service-page\\\/#breadcrumb\"},\"inLanguage\":\"eu\",\"potentialAction\":[{\"@type\":\"ReadAction\",\"target\":[\"https:\\\/\\\/academiabgo.es\\\/clases-de-dibujo-y-pintura-para-todas-las-edades\\\/construction-service-page\\\/\"]}]},{\"@type\":\"BreadcrumbList\",\"@id\":\"https:\\\/\\\/academiabgo.es\\\/clases-de-dibujo-y-pintura-para-todas-las-edades\\\/construction-service-page\\\/#breadcrumb\",\"itemListElement\":[{\"@type\":\"ListItem\",\"position\":1,\"name\":\"Portada\",\"item\":\"https:\\\/\\\/academiabgo.es\\\/\"},{\"@type\":\"ListItem\",\"position\":2,\"name\":\"Servicios\",\"item\":\"https:\\\/\\\/academiabgo.es\\\/clases-de-dibujo-y-pintura-para-todas-las-edades\\\/\"},{\"@type\":\"ListItem\",\"position\":3,\"name\":\"\u00d3leo\"}]},{\"@type\":\"WebSite\",\"@id\":\"https:\\\/\\\/academiabgo.es\\\/#website\",\"url\":\"https:\\\/\\\/academiabgo.es\\\/\",\"name\":\"Academia de dibujo y pintura Bgo\",\"description\":\"Clases de dibujo y pintura en Arrigorriaga  para todas las edades y niveles.\",\"publisher\":{\"@id\":\"https:\\\/\\\/academiabgo.es\\\/#organization\"},\"potentialAction\":[{\"@type\":\"SearchAction\",\"target\":{\"@type\":\"EntryPoint\",\"urlTemplate\":\"https:\\\/\\\/academiabgo.es\\\/?s={search_term_string}\"},\"query-input\":{\"@type\":\"PropertyValueSpecification\",\"valueRequired\":true,\"valueName\":\"search_term_string\"}}],\"inLanguage\":\"eu\"},{\"@type\":\"Organization\",\"@id\":\"https:\\\/\\\/academiabgo.es\\\/#organization\",\"name\":\"Academia de dibujo y pintura Bgo\",\"url\":\"https:\\\/\\\/academiabgo.es\\\/\",\"logo\":{\"@type\":\"ImageObject\",\"inLanguage\":\"eu\",\"@id\":\"https:\\\/\\\/academiabgo.es\\\/#\\\/schema\\\/logo\\\/image\\\/\",\"url\":\"https:\\\/\\\/academiabgo.es\\\/wp-content\\\/uploads\\\/2021\\\/03\\\/LOGOTIPO-ACADEMIA-movil.png\",\"contentUrl\":\"https:\\\/\\\/academiabgo.es\\\/wp-content\\\/uploads\\\/2021\\\/03\\\/LOGOTIPO-ACADEMIA-movil.png\",\"width\":90,\"height\":58,\"caption\":\"Academia de dibujo y pintura Bgo\"},\"image\":{\"@id\":\"https:\\\/\\\/academiabgo.es\\\/#\\\/schema\\\/logo\\\/image\\\/\"}}]}<\/script>\n<!-- \/ Yoast SEO plugin. -->","yoast_head_json":{"title":"\u00d3leo - Academia de dibujo y pintura Bgo","robots":{"index":"index","follow":"follow","max-snippet":"max-snippet:-1","max-image-preview":"max-image-preview:large","max-video-preview":"max-video-preview:-1"},"canonical":"https:\/\/academiabgo.es\/eu\/clases-de-dibujo-y-pintura-para-todas-las-edades\/construction-service-page\/","og_locale":"en_US","og_type":"article","og_title":"\u00d3leo - Academia de dibujo y pintura Bgo","og_url":"https:\/\/academiabgo.es\/eu\/clases-de-dibujo-y-pintura-para-todas-las-edades\/construction-service-page\/","og_site_name":"Academia de dibujo y pintura Bgo","article_modified_time":"2020-07-04T16:31:21+00:00","twitter_card":"summary_large_image","schema":{"@context":"https:\/\/schema.org","@graph":[{"@type":"WebPage","@id":"https:\/\/academiabgo.es\/clases-de-dibujo-y-pintura-para-todas-las-edades\/construction-service-page\/","url":"https:\/\/academiabgo.es\/clases-de-dibujo-y-pintura-para-todas-las-edades\/construction-service-page\/","name":"\u00d3leo - Academia de dibujo y pintura Bgo","isPartOf":{"@id":"https:\/\/academiabgo.es\/#website"},"datePublished":"2016-06-22T00:33:14+00:00","dateModified":"2020-07-04T16:31:21+00:00","breadcrumb":{"@id":"https:\/\/academiabgo.es\/clases-de-dibujo-y-pintura-para-todas-las-edades\/construction-service-page\/#breadcrumb"},"inLanguage":"eu","potentialAction":[{"@type":"ReadAction","target":["https:\/\/academiabgo.es\/clases-de-dibujo-y-pintura-para-todas-las-edades\/construction-service-page\/"]}]},{"@type":"BreadcrumbList","@id":"https:\/\/academiabgo.es\/clases-de-dibujo-y-pintura-para-todas-las-edades\/construction-service-page\/#breadcrumb","itemListElement":[{"@type":"ListItem","position":1,"name":"Portada","item":"https:\/\/academiabgo.es\/"},{"@type":"ListItem","position":2,"name":"Servicios","item":"https:\/\/academiabgo.es\/clases-de-dibujo-y-pintura-para-todas-las-edades\/"},{"@type":"ListItem","position":3,"name":"\u00d3leo"}]},{"@type":"WebSite","@id":"https:\/\/academiabgo.es\/#website","url":"https:\/\/academiabgo.es\/","name":"Academia de dibujo y pintura Bgo","description":"Clases de dibujo y pintura en Arrigorriaga  para todas las edades y niveles.","publisher":{"@id":"https:\/\/academiabgo.es\/#organization"},"potentialAction":[{"@type":"SearchAction","target":{"@type":"EntryPoint","urlTemplate":"https:\/\/academiabgo.es\/?s={search_term_string}"},"query-input":{"@type":"PropertyValueSpecification","valueRequired":true,"valueName":"search_term_string"}}],"inLanguage":"eu"},{"@type":"Organization","@id":"https:\/\/academiabgo.es\/#organization","name":"Academia de dibujo y pintura Bgo","url":"https:\/\/academiabgo.es\/","logo":{"@type":"ImageObject","inLanguage":"eu","@id":"https:\/\/academiabgo.es\/#\/schema\/logo\/image\/","url":"https:\/\/academiabgo.es\/wp-content\/uploads\/2021\/03\/LOGOTIPO-ACADEMIA-movil.png","contentUrl":"https:\/\/academiabgo.es\/wp-content\/uploads\/2021\/03\/LOGOTIPO-ACADEMIA-movil.png","width":90,"height":58,"caption":"Academia de dibujo y pintura Bgo"},"image":{"@id":"https:\/\/academiabgo.es\/#\/schema\/logo\/image\/"}}]}},"_links":{"self":[{"href":"https:\/\/academiabgo.es\/eu\/wp-json\/wp\/v2\/pages\/67","targetHints":{"allow":["GET"]}}],"collection":[{"href":"https:\/\/academiabgo.es\/eu\/wp-json\/wp\/v2\/pages"}],"about":[{"href":"https:\/\/academiabgo.es\/eu\/wp-json\/wp\/v2\/types\/page"}],"author":[{"embeddable":true,"href":"https:\/\/academiabgo.es\/eu\/wp-json\/wp\/v2\/users\/1"}],"replies":[{"embeddable":true,"href":"https:\/\/academiabgo.es\/eu\/wp-json\/wp\/v2\/comments?post=67"}],"version-history":[{"count":0,"href":"https:\/\/academiabgo.es\/eu\/wp-json\/wp\/v2\/pages\/67\/revisions"}],"up":[{"embeddable":true,"href":"https:\/\/academiabgo.es\/eu\/wp-json\/wp\/v2\/pages\/27"}],"wp:attachment":[{"href":"https:\/\/academiabgo.es\/eu\/wp-json\/wp\/v2\/media?parent=67"}],"curies":[{"name":"wp","href":"https:\/\/api.w.org\/{rel}","templated":true}]}}