{"id":3,"date":"2020-06-13T14:24:28","date_gmt":"2020-06-13T14:24:28","guid":{"rendered":"http:\/\/dibujoypintura.academiabgo.es\/?page_id=3"},"modified":"2023-10-26T09:22:09","modified_gmt":"2023-10-26T09:22:09","slug":"politica-privacidad","status":"publish","type":"page","link":"https:\/\/academiabgo.es\/eu\/politica-privacidad\/","title":{"rendered":"Pol\u00edtica de privacidad"},"content":{"rendered":"<div data-elementor-type=\"wp-page\" data-elementor-id=\"3\" class=\"elementor elementor-3\" data-elementor-post-type=\"page\">\n\t\t\t\t<div class=\"elementor-element elementor-element-4f41f651 e-flex e-con-boxed e-con e-parent\" data-id=\"4f41f651\" data-element_type=\"container\" data-e-type=\"container\">\n\t\t\t\t\t<div class=\"e-con-inner\">\n\t\t\t\t<div class=\"elementor-element elementor-element-7006aae2 elementor-widget elementor-widget-text-editor\" data-id=\"7006aae2\" data-element_type=\"widget\" data-e-type=\"widget\" data-widget_type=\"text-editor.default\">\n\t\t\t\t<div class=\"elementor-widget-container\">\n\t\t\t\t\t\t\t\t\t\n<div dir=\"auto\"><strong>INTRODUCCI\u00d3N.<\/strong><\/div>\n<div dir=\"auto\"><strong>La academia de dibujo y pintura Bgo, recopila, trata y almacena informaci\u00f3n personal e im\u00e1genes a trav\u00e9s de la web de su propiedad www.dibujoypintura.academiabgo.es<\/strong><\/div>\n<div dir=\"auto\">\u00a0<\/div>\n<div dir=\"auto\"><strong>Esta informaci\u00f3n ser\u00e1 relativa a los usuarios de la web y de sus Asociados. La informaci\u00f3n y las im\u00e1genes se recopilar\u00e1n, trataran y almacenar\u00e1n conforme a la presente Pol\u00edtica de Privacidad.\u00a0<\/strong><\/div>\n<div dir=\"auto\">\u00a0<\/div>\n<div dir=\"auto\"><strong>Esta Pol\u00edtica de Privacidad fue actualizada el 16 Octubre 2023.<\/strong><\/div>\n<div dir=\"auto\">\u00a0<\/div>\n<div dir=\"auto\"><strong>RESPONSABLE LEGAL<\/strong><\/div>\n<div dir=\"auto\"><strong>Mar\u00eda Bego\u00f1a Basabe Guti\u00e9rrez<\/strong><\/div>\n<div dir=\"auto\"><strong>Identificador fiscal: NIF. 30602756Z<\/strong><\/div>\n<div dir=\"auto\"><strong>Domicilio: Aixarte 5, Arrigorriaga 48480<\/strong><\/div>\n<div dir=\"auto\"><strong>E-mail de contacto: academiabgo@gmail.com<\/strong><\/div>\n<div dir=\"auto\">\u00a0<\/div>\n<div dir=\"auto\"><strong>LEYES DE APLICACI\u00d3N EN ESTA WEB<\/strong><\/div>\n<div dir=\"auto\"><strong>RGPD (Reglamento (UE) 2016\/679 del Parlamento Europeo y del Consejo de 27 de abril de 2016 relativo a la protecci\u00f3n de las personas f\u00edsicas)<\/strong><\/div>\n<div dir=\"auto\"><strong>LOPD (Ley Org\u00e1nica 15\/1999, de 13 de diciembre, de Protecci\u00f3n de Datos de Car\u00e1cter Personal y Real Decreto 1720\/2007, de 21 de diciembre, Reglamento de desarrollo de la LOPD)<\/strong><\/div>\n<div dir=\"auto\"><strong>LSSI (Ley 34\/2002, de 11 de julio, de Servicios de la Sociedad de la Informaci\u00f3n y Comercio Electr\u00f3nico)<\/strong><\/div>\n<div dir=\"auto\"><strong>DATOS\u00a0 E IM\u00c1GENES RECOPILADOS<\/strong><\/div>\n<div dir=\"auto\"><strong>\u00danicamente se recopilar\u00e1n los datos e im\u00e1genes estrictamente necesarios para llevar a cabo la normal actividad del servicio. Ajust\u00e1ndose al principio de minimizaci\u00f3n de datos (Art.5.b GDPR).<\/strong><\/div>\n<div dir=\"auto\"><strong>Los datos recopilados ser\u00e1n en todo caso de mayores de 16 a\u00f1os (Art. 8.1 GDPR). SAE se reserva el derecho a tomar las medidas oportunas para comprobar la veracidad de la edad (Art. 8.2 GDPR).<\/strong><\/div>\n<div dir=\"auto\"><strong>En todo caso estos datos ser\u00e1n de car\u00e1cter personal identificativos y no sensibles, podr\u00e1n ser:<\/strong><\/div>\n<div dir=\"auto\">\u00a0<\/div>\n<div dir=\"auto\"><strong>Correo electr\u00f3nico<\/strong><\/div>\n<div dir=\"auto\"><strong>Tel\u00e9fono<\/strong><\/div>\n<div dir=\"auto\"><strong>Nombre y apellidos<\/strong><\/div>\n<div dir=\"auto\"><strong>Im\u00e1genes<\/strong><\/div>\n<div dir=\"auto\"><strong>M\u00c9TODOS DE RECOPILACI\u00d3N.<\/strong><\/div>\n<div dir=\"auto\"><strong>Los datos personales se recopilar\u00e1n a trav\u00e9s de la web de la Academia, www.dibujoypintura.academiabgo.es, cuando introduzcas informaci\u00f3n en alguno de los campos destinados a tal efecto en la web. Estos campos est\u00e1n debidamente se\u00f1alizados y no recopilar\u00e1n ning\u00fan dato hasta que no aceptes expresamente la cesi\u00f3n y gesti\u00f3n conforme a esta pol\u00edtica de privacidad.<\/strong><\/div>\n<div dir=\"auto\">\u00a0<\/div>\n<div dir=\"auto\"><strong>Las im\u00e1genes ser\u00e1n recopiladas de actos y eventos en los que participe o promueva la Asociaci\u00f3n y podr\u00e1n ser utilizados asegurando tus derechos en cuanto a protecci\u00f3n de Datos.<\/strong><\/div>\n<div dir=\"auto\">\u00a0<\/div>\n<div dir=\"auto\"><strong>OBJETIVO DE LA RECOPILACI\u00d3N Y USO DE LOS DATOS E IM\u00c1GENES.<\/strong><\/div>\n<div dir=\"auto\"><strong>La recopilaci\u00f3n y uso de datos e im\u00e1genes se realiza con el \u00fanico objetivo de prestar los servicios como academia.<\/strong><\/div>\n<div dir=\"auto\">\u00a0<\/div>\n<div dir=\"auto\"><strong>La academia se compromete a no utilizar los datos e im\u00e1genes obtenidos con una finalidad distinta a esta.<\/strong><\/div>\n<div dir=\"auto\">\u00a0<\/div>\n<div dir=\"auto\"><strong>DESTINATARIO DE LOS DATOS.<\/strong><\/div>\n<div dir=\"auto\"><strong>Los datos recopilados se incorporar\u00e1n a un fichero propiedad de:<\/strong><\/div>\n<div dir=\"auto\">\u00a0<\/div>\n<div dir=\"auto\"><strong>Academia de dibujo y pintura Bgo<\/strong><\/div>\n<div dir=\"auto\"><strong>Este fichero ser\u00e1 gestionado por:<\/strong><\/div>\n<div dir=\"auto\">\u00a0<\/div>\n<div dir=\"auto\"><strong>Academia de dibujo y pintura Bgo<\/strong><\/div>\n<div dir=\"auto\"><strong>PLAZO DE CONSERVACI\u00d3N DE LOS DATOS\u00a0 E IM\u00c1GENES.<\/strong><\/div>\n<div dir=\"auto\"><strong>Los datos\u00a0 e im\u00e1genes se conservar\u00e1n hasta que se cumpla el objetivo por el cual se recopilaron\u00a0 (Art.5.e. GDPR) o hasta que se ejerza el derecho a la supresi\u00f3n o modificaci\u00f3n de los mismos. Siempre y cuando esto no entre en conflicto con la necesidad por motivos legales o fiscales de almacenar los mismos.<\/strong><\/div>\n<div dir=\"auto\">\u00a0<\/div>\n<div dir=\"auto\"><strong>\u00bfC\u00d3MO PROTEGEMOS SUS DATOS ?<\/strong><\/div>\n<div dir=\"auto\"><strong>Sus datos se transfieren y almacenan de forma segura ya que disponemos de:<\/strong><\/div>\n<div dir=\"auto\">\u00a0<\/div>\n<div dir=\"auto\"><strong>\u2013 Cifrado con protocolo SSL.<\/strong><\/div>\n<div dir=\"auto\"><strong>\u2013 Firewall a nivel de servidor.<\/strong><\/div>\n<div dir=\"auto\"><strong>\u2013 Protocolos de seguridad para prevenir accesos no autorizados.<\/strong><\/div>\n<div dir=\"auto\"><strong>\u2013 Control de accesos.<\/strong><\/div>\n<div dir=\"auto\"><strong>La academia no puede garantizar la completa seguridad en las comunicaciones a trav\u00e9s de Internet pero garantizamos tomar las medidas adecuadas para proteger sus datos.<\/strong><\/div>\n<div dir=\"auto\">\u00a0<\/div>\n<div dir=\"auto\"><strong>Adem\u00e1s la academia se compromete a mantener la confidencialidad de los datos y no comunicar\u00e1 ni permitir\u00e1 el acceso a terceros no autorizados.<\/strong><\/div>\n<div dir=\"auto\">\u00a0<\/div>\n<div dir=\"auto\"><strong>TUS DERECHOS EN CUANTO A PROTECCI\u00d3N DE DATOS E IM\u00c1GENES<\/strong><\/div>\n<div dir=\"auto\"><strong>La legislaci\u00f3n le reconoce unos derechos como usuario que ha cedido sus datose im\u00e1genes\u00a0 personales:<\/strong><\/div>\n<div dir=\"auto\">\u00a0<\/div>\n<div dir=\"auto\"><strong>Acceso a los datos e im\u00e1genes personales.<\/strong><\/div>\n<div dir=\"auto\"><strong>Rectificaci\u00f3n o supresi\u00f3n.<\/strong><\/div>\n<div dir=\"auto\"><strong>Oponerse al tratamiento.<\/strong><\/div>\n<div dir=\"auto\"><strong>Portabilidad de los datos.<\/strong><\/div>\n<div dir=\"auto\"><strong>Limitaci\u00f3n de su tratamiento.<\/strong><\/div>\n<div dir=\"auto\"><strong>El ejercicio de estos derechos es personal. Por lo que solo puedes solicitarlos para los datos de los cuales eres el propietario.<\/strong><\/div>\n<div dir=\"auto\"><strong>En el caso de que quieras ejercer alguno de estos derechos puedes hacerlos a online trav\u00e9s de correo electr\u00f3nico, mediante un mail dirigido a academiabgo@gmail.com, o mediante carta dirigida a Academia de dibujo y pintura Bgo, direcci\u00f3n Aixarte 5 Arrigorriaga 48480 indicando los derechos que se quieren ejercer y una prueba de identidad.<\/strong><\/div>\n<div dir=\"auto\">\u00a0<\/div>\n<div dir=\"auto\"><strong>Nos comprometemos a responder a tu solicitud en un plazo m\u00e1ximo de 30 d\u00edas h\u00e1biles.<\/strong><\/div>\n<div dir=\"auto\">\u00a0<\/div>\n<div dir=\"auto\"><strong>LEGITIMACI\u00d3N PARA EL TRATAMIENTO DE DATOS<\/strong><\/div>\n<div dir=\"auto\"><strong>La base legal para el tratamiento de tus datos personales es la aceptaci\u00f3n expl\u00edcita del tratamiento, gesti\u00f3n y almacenamiento de los mismos seg\u00fan la presente pol\u00edtica de privacidad.<\/strong><\/div>\n<div dir=\"auto\">\u00a0<\/div>\n<div dir=\"auto\"><strong>CONSECUENCIAS DE NO ACEPTAR LA POL\u00cdTICA DE PRIVACIDAD<\/strong><\/div>\n<div dir=\"auto\"><strong>En el caso de que no aceptes la gesti\u00f3n de tus datos seg\u00fan la presente pol\u00edtica de privacidad, no se proceder\u00e1 a la recopilaci\u00f3n de los mismos, lo que puede suponer que no se pueda llevar a cabo el servicio prestado por la academia.<\/strong><\/div>\n<div dir=\"auto\">\u00a0<\/div>\n<div dir=\"auto\"><strong>AUTORIDAD DE PROTECCI\u00d3N DE DATOS EN ESPA\u00d1A<\/strong><\/div>\n<div dir=\"auto\"><strong>En el caso de que quieras hacer valer tus derechos en cuanto a protecci\u00f3n de datos y consideras que no los estamos respetando puedes dirigirte a la autoridad espa\u00f1ola responsable.<\/strong><\/div>\n<div dir=\"auto\">\u00a0<\/div>\n<div dir=\"auto\"><strong>\u2013 Sitio web de la autoridad de protecci\u00f3n de datos:<\/strong><\/div>\n<div dir=\"auto\"><strong><a href=\"https:\/\/www.agpd.es\/\" target=\"_blank\" rel=\"noopener noreferrer\" data-saferedirecturl=\"https:\/\/www.google.com\/url?q=https:\/\/www.agpd.es\/&amp;source=gmail&amp;ust=1599173066882000&amp;usg=AFQjCNFbFIw-HZl6zvouEdT3kdwsTxVHMQ\">https:\/\/www.agpd.es\/<\/a><\/strong><\/div>\n<div dir=\"auto\">\u00a0<\/div>\n<div dir=\"auto\"><strong>\u2013 E-mail de la autoridad de protecci\u00f3n de datos:<\/strong><\/div>\n<div dir=\"auto\"><strong><a href=\"mailto:internacional@agpd.es\" target=\"_blank\" rel=\"noopener noreferrer\">internacional@agpd.es<\/a><\/strong><\/div>\n<div dir=\"auto\">\u00a0<\/div>\n<div dir=\"auto\"><strong>\u2013 Tel\u00e9fono de la autoridad de protecci\u00f3n de datos:<\/strong><\/div>\n<div dir=\"auto\"><strong>+34 91399 6200<\/strong><\/div>\n<div dir=\"auto\">\u00a0<\/div>\n<div dir=\"auto\"><strong>CAMBIOS EN LA POL\u00cdTICA DE PRIVACIDAD<\/strong><\/div>\n<div dir=\"auto\"><strong>La academia de dibujo y pintura Bgo se reserva el derecho a modificar la presente Pol\u00edtica de Privacidad, estas modificaciones se har\u00e1n conforme a la legislaci\u00f3n y la jurisprudencia y quedaran reflejadas en la presente Pol\u00edtica de Privacidad.<\/strong><\/div>\n<h3 class=\"wp-block-heading\">\u00a0<\/h3>\n\t\t\t\t\t\t\t\t<\/div>\n\t\t\t\t<\/div>\n\t\t\t\t\t<\/div>\n\t\t\t\t<\/div>\n\t\t\t\t<\/div>","protected":false},"excerpt":{"rendered":"<p>INTRODUCCI\u00d3N. La academia de dibujo y pintura Bgo, recopila, trata y almacena informaci\u00f3n personal e im\u00e1genes a trav\u00e9s de la web de su propiedad www.dibujoypintura.academiabgo.es \u00a0 Esta informaci\u00f3n ser\u00e1 relativa a los usuarios de la web y de sus Asociados. La informaci\u00f3n y las im\u00e1genes se recopilar\u00e1n, trataran y almacenar\u00e1n conforme a la presente Pol\u00edtica&hellip;<\/p>","protected":false},"author":1,"featured_media":3229,"parent":0,"menu_order":0,"comment_status":"closed","ping_status":"closed","template":"","meta":{"footnotes":""},"class_list":["post-3","page","type-page","status-publish","has-post-thumbnail","hentry"],"yoast_head":"<!-- This site is optimized with the Yoast SEO plugin v27.4 - https:\/\/yoast.com\/product\/yoast-seo-wordpress\/ -->\n<title>Pol\u00edtica de privacidad - Academia de dibujo y pintura Bgo<\/title>\n<meta name=\"robots\" content=\"index, follow, max-snippet:-1, max-image-preview:large, max-video-preview:-1\" \/>\n<link rel=\"canonical\" href=\"https:\/\/academiabgo.es\/eu\/politica-privacidad\/\" \/>\n<meta property=\"og:locale\" content=\"en_US\" \/>\n<meta property=\"og:type\" content=\"article\" \/>\n<meta property=\"og:title\" content=\"Pol\u00edtica de privacidad - Academia de dibujo y pintura Bgo\" \/>\n<meta property=\"og:description\" content=\"INTRODUCCI\u00d3N. La academia de dibujo y pintura Bgo, recopila, trata y almacena informaci\u00f3n personal e im\u00e1genes a trav\u00e9s de la web de su propiedad www.dibujoypintura.academiabgo.es \u00a0 Esta informaci\u00f3n ser\u00e1 relativa a los usuarios de la web y de sus Asociados. La informaci\u00f3n y las im\u00e1genes se recopilar\u00e1n, trataran y almacenar\u00e1n conforme a la presente Pol\u00edtica&hellip;\" \/>\n<meta property=\"og:url\" content=\"https:\/\/academiabgo.es\/eu\/politica-privacidad\/\" \/>\n<meta property=\"og:site_name\" content=\"Academia de dibujo y pintura Bgo\" \/>\n<meta property=\"article:modified_time\" content=\"2023-10-26T09:22:09+00:00\" \/>\n<meta property=\"og:image\" content=\"https:\/\/academiabgo.es\/wp-content\/uploads\/2023\/10\/kit-digital-logo.png\" \/>\n\t<meta property=\"og:image:width\" content=\"1398\" \/>\n\t<meta property=\"og:image:height\" content=\"200\" \/>\n\t<meta property=\"og:image:type\" content=\"image\/png\" \/>\n<meta name=\"twitter:card\" content=\"summary_large_image\" \/>\n<script type=\"application\/ld+json\" class=\"yoast-schema-graph\">{\"@context\":\"https:\\\/\\\/schema.org\",\"@graph\":[{\"@type\":\"WebPage\",\"@id\":\"https:\\\/\\\/academiabgo.es\\\/politica-privacidad\\\/\",\"url\":\"https:\\\/\\\/academiabgo.es\\\/politica-privacidad\\\/\",\"name\":\"Pol\u00edtica de privacidad - Academia de dibujo y pintura Bgo\",\"isPartOf\":{\"@id\":\"https:\\\/\\\/academiabgo.es\\\/#website\"},\"primaryImageOfPage\":{\"@id\":\"https:\\\/\\\/academiabgo.es\\\/politica-privacidad\\\/#primaryimage\"},\"image\":{\"@id\":\"https:\\\/\\\/academiabgo.es\\\/politica-privacidad\\\/#primaryimage\"},\"thumbnailUrl\":\"https:\\\/\\\/academiabgo.es\\\/wp-content\\\/uploads\\\/2023\\\/10\\\/kit-digital-logo.png\",\"datePublished\":\"2020-06-13T14:24:28+00:00\",\"dateModified\":\"2023-10-26T09:22:09+00:00\",\"breadcrumb\":{\"@id\":\"https:\\\/\\\/academiabgo.es\\\/politica-privacidad\\\/#breadcrumb\"},\"inLanguage\":\"eu\",\"potentialAction\":[{\"@type\":\"ReadAction\",\"target\":[\"https:\\\/\\\/academiabgo.es\\\/politica-privacidad\\\/\"]}]},{\"@type\":\"ImageObject\",\"inLanguage\":\"eu\",\"@id\":\"https:\\\/\\\/academiabgo.es\\\/politica-privacidad\\\/#primaryimage\",\"url\":\"https:\\\/\\\/academiabgo.es\\\/wp-content\\\/uploads\\\/2023\\\/10\\\/kit-digital-logo.png\",\"contentUrl\":\"https:\\\/\\\/academiabgo.es\\\/wp-content\\\/uploads\\\/2023\\\/10\\\/kit-digital-logo.png\",\"width\":1398,\"height\":200},{\"@type\":\"BreadcrumbList\",\"@id\":\"https:\\\/\\\/academiabgo.es\\\/politica-privacidad\\\/#breadcrumb\",\"itemListElement\":[{\"@type\":\"ListItem\",\"position\":1,\"name\":\"Portada\",\"item\":\"https:\\\/\\\/academiabgo.es\\\/\"},{\"@type\":\"ListItem\",\"position\":2,\"name\":\"Pol\u00edtica de privacidad\"}]},{\"@type\":\"WebSite\",\"@id\":\"https:\\\/\\\/academiabgo.es\\\/#website\",\"url\":\"https:\\\/\\\/academiabgo.es\\\/\",\"name\":\"Academia de dibujo y pintura Bgo\",\"description\":\"Clases de dibujo y pintura en Arrigorriaga  para todas las edades y niveles.\",\"publisher\":{\"@id\":\"https:\\\/\\\/academiabgo.es\\\/#organization\"},\"potentialAction\":[{\"@type\":\"SearchAction\",\"target\":{\"@type\":\"EntryPoint\",\"urlTemplate\":\"https:\\\/\\\/academiabgo.es\\\/?s={search_term_string}\"},\"query-input\":{\"@type\":\"PropertyValueSpecification\",\"valueRequired\":true,\"valueName\":\"search_term_string\"}}],\"inLanguage\":\"eu\"},{\"@type\":\"Organization\",\"@id\":\"https:\\\/\\\/academiabgo.es\\\/#organization\",\"name\":\"Academia de dibujo y pintura Bgo\",\"url\":\"https:\\\/\\\/academiabgo.es\\\/\",\"logo\":{\"@type\":\"ImageObject\",\"inLanguage\":\"eu\",\"@id\":\"https:\\\/\\\/academiabgo.es\\\/#\\\/schema\\\/logo\\\/image\\\/\",\"url\":\"https:\\\/\\\/academiabgo.es\\\/wp-content\\\/uploads\\\/2021\\\/03\\\/LOGOTIPO-ACADEMIA-movil.png\",\"contentUrl\":\"https:\\\/\\\/academiabgo.es\\\/wp-content\\\/uploads\\\/2021\\\/03\\\/LOGOTIPO-ACADEMIA-movil.png\",\"width\":90,\"height\":58,\"caption\":\"Academia de dibujo y pintura Bgo\"},\"image\":{\"@id\":\"https:\\\/\\\/academiabgo.es\\\/#\\\/schema\\\/logo\\\/image\\\/\"}}]}<\/script>\n<!-- \/ Yoast SEO plugin. -->","yoast_head_json":{"title":"Pol\u00edtica de privacidad - Academia de dibujo y pintura Bgo","robots":{"index":"index","follow":"follow","max-snippet":"max-snippet:-1","max-image-preview":"max-image-preview:large","max-video-preview":"max-video-preview:-1"},"canonical":"https:\/\/academiabgo.es\/eu\/politica-privacidad\/","og_locale":"en_US","og_type":"article","og_title":"Pol\u00edtica de privacidad - Academia de dibujo y pintura Bgo","og_description":"INTRODUCCI\u00d3N. La academia de dibujo y pintura Bgo, recopila, trata y almacena informaci\u00f3n personal e im\u00e1genes a trav\u00e9s de la web de su propiedad www.dibujoypintura.academiabgo.es \u00a0 Esta informaci\u00f3n ser\u00e1 relativa a los usuarios de la web y de sus Asociados. La informaci\u00f3n y las im\u00e1genes se recopilar\u00e1n, trataran y almacenar\u00e1n conforme a la presente Pol\u00edtica&hellip;","og_url":"https:\/\/academiabgo.es\/eu\/politica-privacidad\/","og_site_name":"Academia de dibujo y pintura Bgo","article_modified_time":"2023-10-26T09:22:09+00:00","og_image":[{"width":1398,"height":200,"url":"https:\/\/academiabgo.es\/wp-content\/uploads\/2023\/10\/kit-digital-logo.png","type":"image\/png"}],"twitter_card":"summary_large_image","schema":{"@context":"https:\/\/schema.org","@graph":[{"@type":"WebPage","@id":"https:\/\/academiabgo.es\/politica-privacidad\/","url":"https:\/\/academiabgo.es\/politica-privacidad\/","name":"Pol\u00edtica de privacidad - Academia de dibujo y pintura Bgo","isPartOf":{"@id":"https:\/\/academiabgo.es\/#website"},"primaryImageOfPage":{"@id":"https:\/\/academiabgo.es\/politica-privacidad\/#primaryimage"},"image":{"@id":"https:\/\/academiabgo.es\/politica-privacidad\/#primaryimage"},"thumbnailUrl":"https:\/\/academiabgo.es\/wp-content\/uploads\/2023\/10\/kit-digital-logo.png","datePublished":"2020-06-13T14:24:28+00:00","dateModified":"2023-10-26T09:22:09+00:00","breadcrumb":{"@id":"https:\/\/academiabgo.es\/politica-privacidad\/#breadcrumb"},"inLanguage":"eu","potentialAction":[{"@type":"ReadAction","target":["https:\/\/academiabgo.es\/politica-privacidad\/"]}]},{"@type":"ImageObject","inLanguage":"eu","@id":"https:\/\/academiabgo.es\/politica-privacidad\/#primaryimage","url":"https:\/\/academiabgo.es\/wp-content\/uploads\/2023\/10\/kit-digital-logo.png","contentUrl":"https:\/\/academiabgo.es\/wp-content\/uploads\/2023\/10\/kit-digital-logo.png","width":1398,"height":200},{"@type":"BreadcrumbList","@id":"https:\/\/academiabgo.es\/politica-privacidad\/#breadcrumb","itemListElement":[{"@type":"ListItem","position":1,"name":"Portada","item":"https:\/\/academiabgo.es\/"},{"@type":"ListItem","position":2,"name":"Pol\u00edtica de privacidad"}]},{"@type":"WebSite","@id":"https:\/\/academiabgo.es\/#website","url":"https:\/\/academiabgo.es\/","name":"Academia de dibujo y pintura Bgo","description":"Clases de dibujo y pintura en Arrigorriaga  para todas las edades y niveles.","publisher":{"@id":"https:\/\/academiabgo.es\/#organization"},"potentialAction":[{"@type":"SearchAction","target":{"@type":"EntryPoint","urlTemplate":"https:\/\/academiabgo.es\/?s={search_term_string}"},"query-input":{"@type":"PropertyValueSpecification","valueRequired":true,"valueName":"search_term_string"}}],"inLanguage":"eu"},{"@type":"Organization","@id":"https:\/\/academiabgo.es\/#organization","name":"Academia de dibujo y pintura Bgo","url":"https:\/\/academiabgo.es\/","logo":{"@type":"ImageObject","inLanguage":"eu","@id":"https:\/\/academiabgo.es\/#\/schema\/logo\/image\/","url":"https:\/\/academiabgo.es\/wp-content\/uploads\/2021\/03\/LOGOTIPO-ACADEMIA-movil.png","contentUrl":"https:\/\/academiabgo.es\/wp-content\/uploads\/2021\/03\/LOGOTIPO-ACADEMIA-movil.png","width":90,"height":58,"caption":"Academia de dibujo y pintura Bgo"},"image":{"@id":"https:\/\/academiabgo.es\/#\/schema\/logo\/image\/"}}]}},"_links":{"self":[{"href":"https:\/\/academiabgo.es\/eu\/wp-json\/wp\/v2\/pages\/3","targetHints":{"allow":["GET"]}}],"collection":[{"href":"https:\/\/academiabgo.es\/eu\/wp-json\/wp\/v2\/pages"}],"about":[{"href":"https:\/\/academiabgo.es\/eu\/wp-json\/wp\/v2\/types\/page"}],"author":[{"embeddable":true,"href":"https:\/\/academiabgo.es\/eu\/wp-json\/wp\/v2\/users\/1"}],"replies":[{"embeddable":true,"href":"https:\/\/academiabgo.es\/eu\/wp-json\/wp\/v2\/comments?post=3"}],"version-history":[{"count":35,"href":"https:\/\/academiabgo.es\/eu\/wp-json\/wp\/v2\/pages\/3\/revisions"}],"predecessor-version":[{"id":3435,"href":"https:\/\/academiabgo.es\/eu\/wp-json\/wp\/v2\/pages\/3\/revisions\/3435"}],"wp:featuredmedia":[{"embeddable":true,"href":"https:\/\/academiabgo.es\/eu\/wp-json\/wp\/v2\/media\/3229"}],"wp:attachment":[{"href":"https:\/\/academiabgo.es\/eu\/wp-json\/wp\/v2\/media?parent=3"}],"curies":[{"name":"wp","href":"https:\/\/api.w.org\/{rel}","templated":true}]}}