{"id":27,"date":"2016-06-21T22:38:18","date_gmt":"2016-06-21T21:38:18","guid":{"rendered":"https:\/\/the7.io\/construction\/?page_id=27"},"modified":"2021-05-09T22:14:43","modified_gmt":"2021-05-09T22:14:43","slug":"clases-de-dibujo-y-pintura-para-todas-las-edades","status":"publish","type":"page","link":"https:\/\/academiabgo.es\/eu\/clases-de-dibujo-y-pintura-para-todas-las-edades\/","title":{"rendered":"Zerbitzuak"},"content":{"rendered":"<div class=\"wpb-content-wrapper\"><div class=\"vc_row wpb_row vc_row-fluid vc_custom_1495105796691 vc_column-gap-30 vc_row-o-equal-height vc_row-flex\"><div class=\"wpb_column vc_column_container vc_col-sm-6 vc_col-has-fill\"><div class=\"vc_column-inner vc_custom_1578745352373\"><div class=\"wpb_wrapper\"><style type=\"text\/css\" data-type=\"the7_shortcodes-inline-css\">.shortcode-single-image-wrap.shortcode-single-image-0b149277ca617b505cc87825056765a5.enable-bg-rollover .rollover i,\n.shortcode-single-image-wrap.shortcode-single-image-0b149277ca617b505cc87825056765a5.enable-bg-rollover .rollover-video i {\n  background: -webkit-linear-gradient();\n  background: linear-gradient();\n}\n.shortcode-single-image-wrap.shortcode-single-image-0b149277ca617b505cc87825056765a5 .rollover-icon {\n  font-size: 32px;\n  color: #ffffff;\n  min-width: 44px;\n  min-height: 44px;\n  line-height: 44px;\n  border-radius: 100px;\n  border-style: solid;\n  border-width: 0px;\n}\n.dt-icon-bg-on.shortcode-single-image-wrap.shortcode-single-image-0b149277ca617b505cc87825056765a5 .rollover-icon {\n  background: rgba(255,255,255,0.3);\n  box-shadow: none;\n}<\/style><div class=\"shortcode-single-image-wrap shortcode-single-image-0b149277ca617b505cc87825056765a5 alignnone  enable-bg-rollover dt-icon-bg-off\" style=\"margin-top:0px; margin-bottom:0px; margin-left:0px; margin-right:0px; width:900px;\"><div class=\"shortcode-single-image\"><div class=\"fancy-media-wrap  layzr-bg\" style=\"\"><img fetchpriority=\"high\" decoding=\"async\" class=\"preload-me lazy-load aspect\" src=\"data:image\/svg+xml,%3Csvg%20xmlns%3D&#39;http%3A%2F%2Fwww.w3.org%2F2000%2Fsvg&#39;%20viewBox%3D&#39;0%200%20721%20480&#39;%2F%3E\" data-src=\"https:\/\/academiabgo.es\/wp-content\/uploads\/2020\/09\/en-clase-pintando-721x480.jpg\" data-srcset=\"https:\/\/academiabgo.es\/wp-content\/uploads\/2020\/09\/en-clase-pintando-721x480.jpg 721w\" loading=\"eager\" sizes=\"(max-width: 721px) 100vw, 721px\" width=\"721\" height=\"480\"  data-dt-location=\"https:\/\/academiabgo.es\/eu\/clases-de-dibujo-y-pintura-para-todas-las-edades\/en-clase-pintando-2\/\" style=\"--ratio: 721 \/ 480;\" alt=\"\" \/><\/div><\/div><\/div><div class=\"vc_row wpb_row vc_inner vc_row-fluid vc_custom_1495105364136\"><div class=\"wpb_column vc_column_container vc_col-sm-12\"><div class=\"vc_column-inner\"><div class=\"wpb_wrapper\">\n\t<div class=\"wpb_text_column wpb_content_element  vc_custom_1599406719660\" >\n\t\t<div class=\"wpb_wrapper\">\n\t\t\t<h3>Clases para ni\u00f1os y ni\u00f1as a partir de 4 a\u00f1os.<\/h3>\n<p style=\"text-align: left;\">Los grupos, en este momento, son de 6 personas como m\u00e1ximo, con <strong>atenci\u00f3n individual y personalizada<\/strong>.<\/p>\n<p style=\"text-align: left;\">Estos grupos se forman con alumnos y alumnas de edades muy diferentes, a pesar de ello, cada uno trabaja dentro de su nivel, \u00a0algo muy enriquecedor ya que la diversidad de trabajos diferentes en proceso hace m\u00e1s interesantes las clases.<\/p>\n<p style=\"text-align: left;\">Las t\u00e9cnicas que solemos utilizar son: l\u00e1piz, rotuladores, ceras, l\u00e1pices de colores, pastel, t\u00e9mpera, acuarela, \u00f3leo&#8230;<\/p>\n<p style=\"text-align: left;\">Tambi\u00e9n se hacen manualidades con t\u00e9cnicas diversas como goma eva, cartulinas, cart\u00f3n, palos, porexpan, pasta de modelar&#8230;<\/p>\n\n\t\t<\/div>\n\t<\/div>\n<\/div><\/div><\/div><\/div><\/div><\/div><\/div><div class=\"wpb_column vc_column_container vc_col-sm-6 vc_col-has-fill\"><div class=\"vc_column-inner vc_custom_1578745359400\"><div class=\"wpb_wrapper\"><style type=\"text\/css\" data-type=\"the7_shortcodes-inline-css\">.shortcode-single-image-wrap.shortcode-single-image-20439bab5416e695af38637eb79d3067.enable-bg-rollover .rollover i,\n.shortcode-single-image-wrap.shortcode-single-image-20439bab5416e695af38637eb79d3067.enable-bg-rollover .rollover-video i {\n  background: -webkit-linear-gradient();\n  background: linear-gradient();\n}\n.shortcode-single-image-wrap.shortcode-single-image-20439bab5416e695af38637eb79d3067 .rollover-icon {\n  font-size: 32px;\n  color: #ffffff;\n  min-width: 44px;\n  min-height: 44px;\n  line-height: 44px;\n  border-radius: 100px;\n  border-style: solid;\n  border-width: 0px;\n}\n.dt-icon-bg-on.shortcode-single-image-wrap.shortcode-single-image-20439bab5416e695af38637eb79d3067 .rollover-icon {\n  background: rgba(255,255,255,0.3);\n  box-shadow: none;\n}<\/style><div class=\"shortcode-single-image-wrap shortcode-single-image-20439bab5416e695af38637eb79d3067 alignnone  enable-bg-rollover dt-icon-bg-off\" style=\"margin-top:0px; margin-bottom:0px; margin-left:0px; margin-right:0px; width:600px;\"><div class=\"shortcode-single-image\"><div class=\"fancy-media-wrap  layzr-bg\" style=\"\"><img decoding=\"async\" class=\"preload-me lazy-load aspect\" src=\"data:image\/svg+xml,%3Csvg%20xmlns%3D&#39;http%3A%2F%2Fwww.w3.org%2F2000%2Fsvg&#39;%20viewBox%3D&#39;0%200%20407%20544&#39;%2F%3E\" data-src=\"https:\/\/academiabgo.es\/wp-content\/uploads\/2020\/12\/Iciar-pintando-1.jpg\" data-srcset=\"https:\/\/academiabgo.es\/wp-content\/uploads\/2020\/12\/Iciar-pintando-1.jpg 407w\" loading=\"eager\" sizes=\"(max-width: 407px) 100vw, 407px\" width=\"407\" height=\"544\"  data-dt-location=\"https:\/\/academiabgo.es\/eu\/clases-de-dibujo-y-pintura-para-todas-las-edades\/iciar-pintando-2\/\" style=\"--ratio: 407 \/ 544;\" alt=\"\" \/><\/div><\/div><\/div><div class=\"vc_row wpb_row vc_inner vc_row-fluid vc_custom_1495105364136\"><div class=\"wpb_column vc_column_container vc_col-sm-12\"><div class=\"vc_column-inner\"><div class=\"wpb_wrapper\">\n\t<div class=\"wpb_text_column wpb_content_element  vc_custom_1607450612397\" >\n\t\t<div class=\"wpb_wrapper\">\n\t\t\t<h3 style=\"text-align: left;\"><strong><span style=\"text-decoration: underline;\">GRUPOS DE J\u00d3VENES Y ADULTOS<\/span><\/strong><\/h3>\n<p style=\"text-align: left;\">Son grupos con atenci\u00f3n individual y personalizada, adecuada a las necesidades de cada persona en sus distintos niveles. Las clases suelen ser por la ma\u00f1ana los lunes y mi\u00e9rcoles de 10:30h a 12:30h., o por la tarde en horario distinto al de l@s m\u00e1s peque\u00f1o@s, intentando adaptar los horarios de la mejor forma posible.<\/p>\n<p style=\"text-align: left;\">Utilizamos diversidad de t\u00e9cnicas como, l\u00e1piz, carboncillo, pastel, t\u00e9mpera, l\u00e1pices acuarelables, acuarelas, acr\u00edlico, \u00f3leo&#8230;<\/p>\n\n\t\t<\/div>\n\t<\/div>\n<\/div><\/div><\/div><\/div><\/div><\/div><\/div><div class=\"wpb_column vc_column_container vc_col-sm-6 vc_col-has-fill\"><div class=\"vc_column-inner vc_custom_1578745367258\"><div class=\"wpb_wrapper\"><style type=\"text\/css\" data-type=\"the7_shortcodes-inline-css\">.shortcode-single-image-wrap.shortcode-single-image-53bbf8fe031ac8d510367a1eccfa1bf7.enable-bg-rollover .rollover i,\n.shortcode-single-image-wrap.shortcode-single-image-53bbf8fe031ac8d510367a1eccfa1bf7.enable-bg-rollover .rollover-video i {\n  background: -webkit-linear-gradient();\n  background: linear-gradient();\n}\n.shortcode-single-image-wrap.shortcode-single-image-53bbf8fe031ac8d510367a1eccfa1bf7 .rollover-icon {\n  font-size: 32px;\n  color: #ffffff;\n  min-width: 44px;\n  min-height: 44px;\n  line-height: 44px;\n  border-radius: 100px;\n  border-style: solid;\n  border-width: 0px;\n}\n.dt-icon-bg-on.shortcode-single-image-wrap.shortcode-single-image-53bbf8fe031ac8d510367a1eccfa1bf7 .rollover-icon {\n  background: rgba(255,255,255,0.3);\n  box-shadow: none;\n}<\/style><div class=\"shortcode-single-image-wrap shortcode-single-image-53bbf8fe031ac8d510367a1eccfa1bf7 alignnone  enable-bg-rollover dt-icon-bg-off\" style=\"margin-top:0px; margin-bottom:0px; margin-left:0px; margin-right:0px; width:600px;\"><div class=\"shortcode-single-image\"><div class=\"fancy-media-wrap  layzr-bg\" style=\"\"><img decoding=\"async\" class=\"preload-me lazy-load aspect\" src=\"data:image\/svg+xml,%3Csvg%20xmlns%3D&#39;http%3A%2F%2Fwww.w3.org%2F2000%2Fsvg&#39;%20viewBox%3D&#39;0%200%20340%20510&#39;%2F%3E\" data-src=\"https:\/\/academiabgo.es\/wp-content\/uploads\/2020\/12\/Acr\u00edlico-en-botellita-de-Ane-G-2-340x510.jpg\" data-srcset=\"https:\/\/academiabgo.es\/wp-content\/uploads\/2020\/12\/Acr\u00edlico-en-botellita-de-Ane-G-2-340x510.jpg 340w\" loading=\"eager\" sizes=\"(max-width: 340px) 100vw, 340px\" width=\"340\" height=\"510\"  data-dt-location=\"https:\/\/academiabgo.es\/eu\/clases-de-dibujo-y-pintura-para-todas-las-edades\/acrilico-en-botellita-de-ane-g-2\/\" style=\"--ratio: 340 \/ 510;\" alt=\"\" \/><\/div><\/div><\/div><div class=\"vc_row wpb_row vc_inner vc_row-fluid vc_custom_1495105364136\"><div class=\"wpb_column vc_column_container vc_col-sm-12\"><div class=\"vc_column-inner\"><div class=\"wpb_wrapper\">\n\t<div class=\"wpb_text_column wpb_content_element  vc_custom_1607450783337\" >\n\t\t<div class=\"wpb_wrapper\">\n\t\t\t<h3>Manualidades<\/h3>\n<p>Dentro de las clases y de forma opcional, a parte del dibujo y la pintura, utilizamos las manualidades como otra forma de desarrollar muestra imaginaci\u00f3n.<\/p>\n<p>Han sido muchos los materiales que hemos ido utilizando hasta ahora y muchos otros ser\u00e1n los que vayamos descubriendo para crear un mundo particular a partir de cosas y objetos que est\u00e1n a nuestro alrededor.<\/p>\n\n\t\t<\/div>\n\t<\/div>\n<div class=\"vc_btn3-container vc_btn3-inline\" ><a class=\"vc_general vc_btn3 vc_btn3-size-md vc_btn3-shape-rounded vc_btn3-style-modern vc_btn3-color-grey\" href=\"https:\/\/academiabgo.es\/eu\/nuestras-manualidades\/\" title=\"\">Manualidades<\/a><\/div><\/div><\/div><\/div><\/div><\/div><\/div><\/div><div class=\"wpb_column vc_column_container vc_col-sm-6 vc_col-has-fill\"><div class=\"vc_column-inner vc_custom_1578745346381\"><div class=\"wpb_wrapper\"><style type=\"text\/css\" data-type=\"the7_shortcodes-inline-css\">.shortcode-single-image-wrap.shortcode-single-image-46aa12dd80e37c80e75c15e2fb5d7be5.enable-bg-rollover .rollover i,\n.shortcode-single-image-wrap.shortcode-single-image-46aa12dd80e37c80e75c15e2fb5d7be5.enable-bg-rollover .rollover-video i {\n  background: -webkit-linear-gradient();\n  background: linear-gradient();\n}\n.shortcode-single-image-wrap.shortcode-single-image-46aa12dd80e37c80e75c15e2fb5d7be5 .rollover-icon {\n  font-size: 32px;\n  color: #ffffff;\n  min-width: 44px;\n  min-height: 44px;\n  line-height: 44px;\n  border-radius: 100px;\n  border-style: solid;\n  border-width: 0px;\n}\n.dt-icon-bg-on.shortcode-single-image-wrap.shortcode-single-image-46aa12dd80e37c80e75c15e2fb5d7be5 .rollover-icon {\n  background: rgba(255,255,255,0.3);\n  box-shadow: none;\n}<\/style><div class=\"shortcode-single-image-wrap shortcode-single-image-46aa12dd80e37c80e75c15e2fb5d7be5 alignnone  enable-bg-rollover dt-icon-bg-off\" style=\"margin-top:0px; margin-bottom:0px; margin-left:0px; margin-right:0px; width:800px;\"><div class=\"shortcode-single-image\"><div class=\"fancy-media-wrap  layzr-bg\" style=\"\"><img decoding=\"async\" class=\"preload-me lazy-load aspect\" src=\"data:image\/svg+xml,%3Csvg%20xmlns%3D&#39;http%3A%2F%2Fwww.w3.org%2F2000%2Fsvg&#39;%20viewBox%3D&#39;0%200%20408%20510&#39;%2F%3E\" data-src=\"https:\/\/academiabgo.es\/wp-content\/uploads\/2020\/09\/Cuadro-nahia-.jpg\" data-srcset=\"https:\/\/academiabgo.es\/wp-content\/uploads\/2020\/09\/Cuadro-nahia-.jpg 408w\" loading=\"eager\" sizes=\"(max-width: 408px) 100vw, 408px\" width=\"408\" height=\"510\"  data-dt-location=\"https:\/\/academiabgo.es\/eu\/clases-de-dibujo-y-pintura-para-todas-las-edades\/cuadro-nahia\/\" style=\"--ratio: 408 \/ 510;\" alt=\"\" \/><\/div><\/div><\/div><div class=\"vc_row wpb_row vc_inner vc_row-fluid vc_custom_1495105364136\"><div class=\"wpb_column vc_column_container vc_col-sm-12\"><div class=\"vc_column-inner\"><div class=\"wpb_wrapper\">\n\t<div class=\"wpb_text_column wpb_content_element  vc_custom_1599405379019\" >\n\t\t<div class=\"wpb_wrapper\">\n\t\t\t<h3>Retratos de encargo<\/h3>\n<p>Esta forma art\u00edstica describe de manera m\u00e1gica y personal a una persona y a trav\u00e9s de sus detalles y sus caracter\u00edsticas f\u00edsicas es capaz de transmitirnos una parte de ella misma. Con nuestros l\u00e1pices o pinceles podemos hacer que de forma m\u00e1gica perduren en el tiempo esos instantes de una vida. Como dijo Van Gogh: \u00abLa belleza perece en la vida pero es inmortal en el arte.\u00bb<\/p>\n\n\t\t<\/div>\n\t<\/div>\n<div class=\"vc_empty_space\"   style=\"height: 32px\"><span class=\"vc_empty_space_inner\"><\/span><\/div><div class=\"vc_btn3-container vc_btn3-inline\" ><a class=\"vc_general vc_btn3 vc_btn3-size-md vc_btn3-shape-rounded vc_btn3-style-modern vc_btn3-color-grey\" href=\"https:\/\/academiabgo.es\/eu\/quien-soy\/\" title=\"\">Aqu\u00ed ver\u00e1s algunos<\/a><\/div><\/div><\/div><\/div><\/div><\/div><\/div><\/div><\/div>\n<\/div>","protected":false},"excerpt":{"rendered":"<p>Clases para ni\u00f1os y ni\u00f1as a partir de 4 a\u00f1os. Los grupos, en este momento, son de 6 personas como m\u00e1ximo, con atenci\u00f3n individual y personalizada. Estos grupos se forman con alumnos y alumnas de edades muy diferentes, a pesar de ello, cada uno trabaja dentro de su nivel, \u00a0algo muy enriquecedor ya que la&hellip;<\/p>","protected":false},"author":1,"featured_media":0,"parent":0,"menu_order":2,"comment_status":"closed","ping_status":"closed","template":"","meta":{"footnotes":""},"class_list":["post-27","page","type-page","status-publish","hentry","description-off"],"yoast_head":"<!-- This site is optimized with the Yoast SEO plugin v27.4 - https:\/\/yoast.com\/product\/yoast-seo-wordpress\/ -->\n<title>Servicios - Academia de dibujo y pintura Bgo<\/title>\n<meta name=\"description\" content=\"Clases de dibujo y pintura para todas las edades: Ni\u00f1os y ni\u00f1as a partir de 4 a\u00f1os, j\u00f3venes y personas adultas. Tambi\u00e9n hacemos manualidades.\" \/>\n<meta name=\"robots\" content=\"index, follow, max-snippet:-1, max-image-preview:large, max-video-preview:-1\" \/>\n<link rel=\"canonical\" href=\"https:\/\/academiabgo.es\/eu\/clases-de-dibujo-y-pintura-para-todas-las-edades\/\" \/>\n<meta property=\"og:locale\" content=\"en_US\" \/>\n<meta property=\"og:type\" content=\"article\" \/>\n<meta property=\"og:title\" content=\"Servicios - Academia de dibujo y pintura Bgo\" \/>\n<meta property=\"og:description\" content=\"Clases de dibujo y pintura para todas las edades: Ni\u00f1os y ni\u00f1as a partir de 4 a\u00f1os, j\u00f3venes y personas adultas. Tambi\u00e9n hacemos manualidades.\" \/>\n<meta property=\"og:url\" content=\"https:\/\/academiabgo.es\/eu\/clases-de-dibujo-y-pintura-para-todas-las-edades\/\" \/>\n<meta property=\"og:site_name\" content=\"Academia de dibujo y pintura Bgo\" \/>\n<meta property=\"article:modified_time\" content=\"2021-05-09T22:14:43+00:00\" \/>\n<meta name=\"twitter:card\" content=\"summary_large_image\" \/>\n<script type=\"application\/ld+json\" class=\"yoast-schema-graph\">{\"@context\":\"https:\\\/\\\/schema.org\",\"@graph\":[{\"@type\":\"WebPage\",\"@id\":\"https:\\\/\\\/academiabgo.es\\\/clases-de-dibujo-y-pintura-para-todas-las-edades\\\/\",\"url\":\"https:\\\/\\\/academiabgo.es\\\/clases-de-dibujo-y-pintura-para-todas-las-edades\\\/\",\"name\":\"Servicios - Academia de dibujo y pintura Bgo\",\"isPartOf\":{\"@id\":\"https:\\\/\\\/academiabgo.es\\\/#website\"},\"datePublished\":\"2016-06-21T21:38:18+00:00\",\"dateModified\":\"2021-05-09T22:14:43+00:00\",\"description\":\"Clases de dibujo y pintura para todas las edades: Ni\u00f1os y ni\u00f1as a partir de 4 a\u00f1os, j\u00f3venes y personas adultas. Tambi\u00e9n hacemos manualidades.\",\"breadcrumb\":{\"@id\":\"https:\\\/\\\/academiabgo.es\\\/clases-de-dibujo-y-pintura-para-todas-las-edades\\\/#breadcrumb\"},\"inLanguage\":\"eu\",\"potentialAction\":[{\"@type\":\"ReadAction\",\"target\":[\"https:\\\/\\\/academiabgo.es\\\/clases-de-dibujo-y-pintura-para-todas-las-edades\\\/\"]}]},{\"@type\":\"BreadcrumbList\",\"@id\":\"https:\\\/\\\/academiabgo.es\\\/clases-de-dibujo-y-pintura-para-todas-las-edades\\\/#breadcrumb\",\"itemListElement\":[{\"@type\":\"ListItem\",\"position\":1,\"name\":\"Portada\",\"item\":\"https:\\\/\\\/academiabgo.es\\\/\"},{\"@type\":\"ListItem\",\"position\":2,\"name\":\"Servicios\"}]},{\"@type\":\"WebSite\",\"@id\":\"https:\\\/\\\/academiabgo.es\\\/#website\",\"url\":\"https:\\\/\\\/academiabgo.es\\\/\",\"name\":\"Academia de dibujo y pintura Bgo\",\"description\":\"Clases de dibujo y pintura en Arrigorriaga  para todas las edades y niveles.\",\"publisher\":{\"@id\":\"https:\\\/\\\/academiabgo.es\\\/#organization\"},\"potentialAction\":[{\"@type\":\"SearchAction\",\"target\":{\"@type\":\"EntryPoint\",\"urlTemplate\":\"https:\\\/\\\/academiabgo.es\\\/?s={search_term_string}\"},\"query-input\":{\"@type\":\"PropertyValueSpecification\",\"valueRequired\":true,\"valueName\":\"search_term_string\"}}],\"inLanguage\":\"eu\"},{\"@type\":\"Organization\",\"@id\":\"https:\\\/\\\/academiabgo.es\\\/#organization\",\"name\":\"Academia de dibujo y pintura Bgo\",\"url\":\"https:\\\/\\\/academiabgo.es\\\/\",\"logo\":{\"@type\":\"ImageObject\",\"inLanguage\":\"eu\",\"@id\":\"https:\\\/\\\/academiabgo.es\\\/#\\\/schema\\\/logo\\\/image\\\/\",\"url\":\"https:\\\/\\\/academiabgo.es\\\/wp-content\\\/uploads\\\/2021\\\/03\\\/LOGOTIPO-ACADEMIA-movil.png\",\"contentUrl\":\"https:\\\/\\\/academiabgo.es\\\/wp-content\\\/uploads\\\/2021\\\/03\\\/LOGOTIPO-ACADEMIA-movil.png\",\"width\":90,\"height\":58,\"caption\":\"Academia de dibujo y pintura Bgo\"},\"image\":{\"@id\":\"https:\\\/\\\/academiabgo.es\\\/#\\\/schema\\\/logo\\\/image\\\/\"}}]}<\/script>\n<!-- \/ Yoast SEO plugin. -->","yoast_head_json":{"title":"Servicios - Academia de dibujo y pintura Bgo","description":"Clases de dibujo y pintura para todas las edades: Ni\u00f1os y ni\u00f1as a partir de 4 a\u00f1os, j\u00f3venes y personas adultas. Tambi\u00e9n hacemos manualidades.","robots":{"index":"index","follow":"follow","max-snippet":"max-snippet:-1","max-image-preview":"max-image-preview:large","max-video-preview":"max-video-preview:-1"},"canonical":"https:\/\/academiabgo.es\/eu\/clases-de-dibujo-y-pintura-para-todas-las-edades\/","og_locale":"en_US","og_type":"article","og_title":"Servicios - Academia de dibujo y pintura Bgo","og_description":"Clases de dibujo y pintura para todas las edades: Ni\u00f1os y ni\u00f1as a partir de 4 a\u00f1os, j\u00f3venes y personas adultas. Tambi\u00e9n hacemos manualidades.","og_url":"https:\/\/academiabgo.es\/eu\/clases-de-dibujo-y-pintura-para-todas-las-edades\/","og_site_name":"Academia de dibujo y pintura Bgo","article_modified_time":"2021-05-09T22:14:43+00:00","twitter_card":"summary_large_image","schema":{"@context":"https:\/\/schema.org","@graph":[{"@type":"WebPage","@id":"https:\/\/academiabgo.es\/clases-de-dibujo-y-pintura-para-todas-las-edades\/","url":"https:\/\/academiabgo.es\/clases-de-dibujo-y-pintura-para-todas-las-edades\/","name":"Servicios - Academia de dibujo y pintura Bgo","isPartOf":{"@id":"https:\/\/academiabgo.es\/#website"},"datePublished":"2016-06-21T21:38:18+00:00","dateModified":"2021-05-09T22:14:43+00:00","description":"Clases de dibujo y pintura para todas las edades: Ni\u00f1os y ni\u00f1as a partir de 4 a\u00f1os, j\u00f3venes y personas adultas. Tambi\u00e9n hacemos manualidades.","breadcrumb":{"@id":"https:\/\/academiabgo.es\/clases-de-dibujo-y-pintura-para-todas-las-edades\/#breadcrumb"},"inLanguage":"eu","potentialAction":[{"@type":"ReadAction","target":["https:\/\/academiabgo.es\/clases-de-dibujo-y-pintura-para-todas-las-edades\/"]}]},{"@type":"BreadcrumbList","@id":"https:\/\/academiabgo.es\/clases-de-dibujo-y-pintura-para-todas-las-edades\/#breadcrumb","itemListElement":[{"@type":"ListItem","position":1,"name":"Portada","item":"https:\/\/academiabgo.es\/"},{"@type":"ListItem","position":2,"name":"Servicios"}]},{"@type":"WebSite","@id":"https:\/\/academiabgo.es\/#website","url":"https:\/\/academiabgo.es\/","name":"Academia de dibujo y pintura Bgo","description":"Clases de dibujo y pintura en Arrigorriaga  para todas las edades y niveles.","publisher":{"@id":"https:\/\/academiabgo.es\/#organization"},"potentialAction":[{"@type":"SearchAction","target":{"@type":"EntryPoint","urlTemplate":"https:\/\/academiabgo.es\/?s={search_term_string}"},"query-input":{"@type":"PropertyValueSpecification","valueRequired":true,"valueName":"search_term_string"}}],"inLanguage":"eu"},{"@type":"Organization","@id":"https:\/\/academiabgo.es\/#organization","name":"Academia de dibujo y pintura Bgo","url":"https:\/\/academiabgo.es\/","logo":{"@type":"ImageObject","inLanguage":"eu","@id":"https:\/\/academiabgo.es\/#\/schema\/logo\/image\/","url":"https:\/\/academiabgo.es\/wp-content\/uploads\/2021\/03\/LOGOTIPO-ACADEMIA-movil.png","contentUrl":"https:\/\/academiabgo.es\/wp-content\/uploads\/2021\/03\/LOGOTIPO-ACADEMIA-movil.png","width":90,"height":58,"caption":"Academia de dibujo y pintura Bgo"},"image":{"@id":"https:\/\/academiabgo.es\/#\/schema\/logo\/image\/"}}]}},"_links":{"self":[{"href":"https:\/\/academiabgo.es\/eu\/wp-json\/wp\/v2\/pages\/27","targetHints":{"allow":["GET"]}}],"collection":[{"href":"https:\/\/academiabgo.es\/eu\/wp-json\/wp\/v2\/pages"}],"about":[{"href":"https:\/\/academiabgo.es\/eu\/wp-json\/wp\/v2\/types\/page"}],"author":[{"embeddable":true,"href":"https:\/\/academiabgo.es\/eu\/wp-json\/wp\/v2\/users\/1"}],"replies":[{"embeddable":true,"href":"https:\/\/academiabgo.es\/eu\/wp-json\/wp\/v2\/comments?post=27"}],"version-history":[{"count":2,"href":"https:\/\/academiabgo.es\/eu\/wp-json\/wp\/v2\/pages\/27\/revisions"}],"predecessor-version":[{"id":2513,"href":"https:\/\/academiabgo.es\/eu\/wp-json\/wp\/v2\/pages\/27\/revisions\/2513"}],"wp:attachment":[{"href":"https:\/\/academiabgo.es\/eu\/wp-json\/wp\/v2\/media?parent=27"}],"curies":[{"name":"wp","href":"https:\/\/api.w.org\/{rel}","templated":true}]}}