{"id":1619,"date":"2020-07-27T10:20:09","date_gmt":"2020-07-27T10:20:09","guid":{"rendered":"https:\/\/dibujoypintura.academiabgo.es\/?page_id=1619"},"modified":"2021-05-04T22:17:19","modified_gmt":"2021-05-04T22:17:19","slug":"lapiz-de-grafito","status":"publish","type":"page","link":"https:\/\/academiabgo.es\/eu\/lapiz-de-grafito\/","title":{"rendered":"L\u00e1piz de grafito"},"content":{"rendered":"<div class=\"wpb-content-wrapper\"><div class=\"vc_row wpb_row vc_row-fluid\"><div class=\"wpb_column vc_column_container vc_col-sm-12\"><div class=\"vc_column-inner\"><div class=\"wpb_wrapper\"><style type=\"text\/css\" data-type=\"the7_shortcodes-inline-css\">.shortcode-single-image-wrap.shortcode-single-image-acd0ef9a81ebabd415130fa0c9ffd6a9.enable-bg-rollover .rollover i,\n.shortcode-single-image-wrap.shortcode-single-image-acd0ef9a81ebabd415130fa0c9ffd6a9.enable-bg-rollover .rollover-video i {\n  background: -webkit-linear-gradient();\n  background: linear-gradient();\n}\n.shortcode-single-image-wrap.shortcode-single-image-acd0ef9a81ebabd415130fa0c9ffd6a9 .rollover-icon {\n  font-size: 32px;\n  color: #ffffff;\n  min-width: 44px;\n  min-height: 44px;\n  line-height: 44px;\n  border-radius: 100px;\n  border-style: solid;\n  border-width: 0px;\n}\n.dt-icon-bg-on.shortcode-single-image-wrap.shortcode-single-image-acd0ef9a81ebabd415130fa0c9ffd6a9 .rollover-icon {\n  background: rgba(255,255,255,0.3);\n  box-shadow: none;\n}<\/style><div class=\"shortcode-single-image-wrap shortcode-single-image-acd0ef9a81ebabd415130fa0c9ffd6a9 alignnone  enable-bg-rollover dt-icon-bg-off\" style=\"margin-top:0px; margin-bottom:0px; margin-left:0px; margin-right:0px; width:500px;\"><div class=\"shortcode-single-image\"><div class=\"fancy-media-wrap  layzr-bg\" style=\"\"><img fetchpriority=\"high\" decoding=\"async\" class=\"preload-me lazy-load aspect\" src=\"data:image\/svg+xml,%3Csvg%20xmlns%3D&#39;http%3A%2F%2Fwww.w3.org%2F2000%2Fsvg&#39;%20viewBox%3D&#39;0%200%20500%20287&#39;%2F%3E\" data-src=\"https:\/\/academiabgo.es\/wp-content\/uploads\/2020\/07\/l\u00e1pices-de-sombras-500x287.jpg\" data-srcset=\"https:\/\/academiabgo.es\/wp-content\/uploads\/2020\/07\/l\u00e1pices-de-sombras-500x287.jpg 500w, https:\/\/academiabgo.es\/wp-content\/uploads\/2020\/07\/l\u00e1pices-de-sombras-1000x574.jpg 1000w\" loading=\"eager\" sizes=\"(max-width: 500px) 100vw, 500px\" width=\"500\" height=\"287\"  data-dt-location=\"https:\/\/academiabgo.es\/eu\/lapiz-de-grafito\/lapices-de-sombras-2\/\" style=\"--ratio: 500 \/ 287;\" alt=\"\" \/><\/div><\/div><\/div><div class=\"vc_empty_space\"   style=\"height: 32px\"><span class=\"vc_empty_space_inner\"><\/span><\/div><div id=\"ultimate-heading-941869e5ae8523bcc\" class=\"uvc-heading ult-adjust-bottom-margin ultimate-heading-941869e5ae8523bcc uvc-5782\" data-hspacer=\"no_spacer\"  data-halign=\"center\" style=\"text-align:center\"><div class=\"uvc-heading-spacer no_spacer\" style=\"top\"><\/div><div class=\"uvc-main-heading ult-responsive\"  data-ultimate-target='.uvc-heading.ultimate-heading-941869e5ae8523bcc h3'  data-responsive-json-new='{\"font-size\":\"\",\"line-height\":\"\"}' ><h3 style=\"font-weight:normal;\">L\u00e1pices de grafito<\/h3><\/div><\/div><div class=\"vc_empty_space\"   style=\"height: 32px\"><span class=\"vc_empty_space_inner\"><\/span><\/div>\n\t<div class=\"wpb_text_column wpb_content_element\" >\n\t\t<div class=\"wpb_wrapper\">\n\t\t\t<p>Al l\u00e1piz de grafito tambi\u00e9n se le conoce como l\u00e1piz de plomo. Es el m\u00e1s conocido para dibujar. Tambi\u00e9n hay barras de grafito.<\/p>\n<p>El grafito es un mineral s\u00f3lido, graso y de brillo met\u00e1lico derivado del carb\u00f3n.<\/p>\n<p>La mina del l\u00e1piz se compone de grafito natural mezclado con arcilla. La proporci\u00f3n de arcilla determina la dureza de la mina. Cuanto m\u00e1s grafito son m\u00e1s blandos y oscuros, y cuanto m\u00e1s arcilla son m\u00e1s finos y duros.<\/p>\n<p>L\u00e1pices <strong>blandos<\/strong>: Su mina es m\u00e1s gruesa y grasa y por ello el trazo es m\u00e1s intenso y se gastan m\u00e1s r\u00e1pido. Son los que llevan la letra B (de <strong>B<\/strong>lack = negro en ingl\u00e9s) y un n\u00famero que define su dureza.<\/p>\n<p>L\u00e1pices <strong>duros<\/strong>: Son m\u00e1s consistentes, pero m\u00e1s p\u00e1lidos y de trazo m\u00e1s suave. Son los que llevan la letra H (de <strong>H<\/strong>ard = duro en ingl\u00e9s). Son para trabajos de mucha precisi\u00f3n como el t\u00e9cnico.<\/p>\n<p>Podemos encontrar hasta 20 grados de dureza desde el m\u00e1s blando al m\u00e1s duro.<\/p>\n<p>9B, 8B, 7B, 6B, 5B, 4B, 3B, 2B, B, HB, F ( de <strong>F<\/strong>ine = fino en ingl\u00e9s), H, 2H, 3H, 4H, 5H, 6H, 7H, 8H y 9H.<\/p>\n\n\t\t<\/div>\n\t<\/div>\n<div class=\"vc_empty_space\"   style=\"height: 32px\"><span class=\"vc_empty_space_inner\"><\/span><\/div><div id=\"ultimate-heading-156269e5ae85240d0\" class=\"uvc-heading ult-adjust-bottom-margin ultimate-heading-156269e5ae85240d0 uvc-1774\" data-hspacer=\"no_spacer\"  data-halign=\"center\" style=\"text-align:center\"><div class=\"uvc-heading-spacer no_spacer\" style=\"top\"><\/div><div class=\"uvc-main-heading ult-responsive\"  data-ultimate-target='.uvc-heading.ultimate-heading-156269e5ae85240d0 h2'  data-responsive-json-new='{\"font-size\":\"\",\"line-height\":\"\"}' ><h2 style=\"font-weight:normal;\">Qu\u00e9 utilizamos<\/h2><\/div><\/div><div class=\"vc_empty_space\"   style=\"height: 32px\"><span class=\"vc_empty_space_inner\"><\/span><\/div><div class=\"vc_tta-container\" data-vc-action=\"collapse\"><div class=\"vc_general vc_tta vc_tta-accordion vc_tta-color-grey vc_tta-style-classic vc_tta-shape-rounded vc_tta-o-shape-group vc_tta-controls-align-default\"><div class=\"vc_tta-panels-container\"><div class=\"vc_tta-panels\"><div class=\"vc_tta-panel vc_active\" id=\"1595845606032-53c6d5ec-cad2\" data-vc-content=\".vc_tta-panel-body\"><div class=\"vc_tta-panel-heading\"><h4 class=\"vc_tta-panel-title vc_tta-controls-icon-position-left\"><a href=\"#1595845606032-53c6d5ec-cad2\" data-vc-accordion data-vc-container=\".vc_tta-container\"><span class=\"vc_tta-title-text\">Los l\u00e1pices<\/span><i class=\"vc_tta-controls-icon vc_tta-controls-icon-plus\"><\/i><\/a><\/h4><\/div><div class=\"vc_tta-panel-body\">\n\t<div class=\"wpb_text_column wpb_content_element\" >\n\t\t<div class=\"wpb_wrapper\">\n\t\t\t<p>Empezamos por una selecci\u00f3n de 5 l\u00e1pices, uno normal y cuatro blandos: 2HB, 2B, 4B, 6B y 8B.<\/p>\n\n\t\t<\/div>\n\t<\/div>\n<\/div><\/div><div class=\"vc_tta-panel\" id=\"1595845606060-890a55b6-d504\" data-vc-content=\".vc_tta-panel-body\"><div class=\"vc_tta-panel-heading\"><h4 class=\"vc_tta-panel-title vc_tta-controls-icon-position-left\"><a href=\"#1595845606060-890a55b6-d504\" data-vc-accordion data-vc-container=\".vc_tta-container\"><span class=\"vc_tta-title-text\">Las gomas<\/span><i class=\"vc_tta-controls-icon vc_tta-controls-icon-plus\"><\/i><\/a><\/h4><\/div><div class=\"vc_tta-panel-body\">\n\t<div class=\"wpb_text_column wpb_content_element\" >\n\t\t<div class=\"wpb_wrapper\">\n\t\t\t<p>Podemos utilizar:<\/p>\n<p>Una <strong>goma de miga de pan o de caucho sint\u00e9tico<\/strong>, es suave y borra muy bien el grafito, pero deja muchos residuos que debemos estar constantemente eliminando de nuestro alrededor.<\/p>\n<p>Una <strong>goma pl\u00e1stica<\/strong>, como <strong>la conocida goma de nata<\/strong> que es suave, no es abrasiva.y borra en todo tipo de superficies.<\/p>\n<p>De todos modos, tenemos que tener mucho cuidado al borrar, si borramos r\u00e1pido y no le damos tiempo a la goma a absorber el grafito, el dibujo se puede emborronar\u00a0 y adem\u00e1s,\u00a0 un exceso de goma nos puede estropear el papel.<\/p>\n<p>Una<strong> goma maleable<\/strong>:<\/p>\n<p>Esta goma se moldea y no se rompe y eso nos permite darle la forma que necesitamos, es m\u00e1s absorbente que las anteriores y es un recurso que utilizamos para borrar, corregir errores, cortar l\u00edmites, abrir blancos y atenuar sombras.<\/p>\n<p>Su tacto pegajoso hace que las part\u00edculas se adhieran a ella quedando en la goma. \u00c9sta es ideal para carboncillo y pastel pero muy importante en el sombreado del l\u00e1piz.<\/p>\n\n\t\t<\/div>\n\t<\/div>\n<\/div><\/div><div class=\"vc_tta-panel\" id=\"1595846689157-3c7cf1a0-b238\" data-vc-content=\".vc_tta-panel-body\"><div class=\"vc_tta-panel-heading\"><h4 class=\"vc_tta-panel-title vc_tta-controls-icon-position-left\"><a href=\"#1595846689157-3c7cf1a0-b238\" data-vc-accordion data-vc-container=\".vc_tta-container\"><span class=\"vc_tta-title-text\">El papel<\/span><i class=\"vc_tta-controls-icon vc_tta-controls-icon-plus\"><\/i><\/a><\/h4><\/div><div class=\"vc_tta-panel-body\">\n\t<div class=\"wpb_text_column wpb_content_element\" >\n\t\t<div class=\"wpb_wrapper\">\n\t\t\t<p>Podemos usar un <strong>papel satinado<\/strong>, es un papel liso prensado en caliente, en el que apenas se nota el grano y permite degradados muy suaves.<\/p>\n<p>O tambi\u00e9n podemos usar un <strong>papel de grano fino,<\/strong> en \u00e9ste acabado realza el grano del papel y permite degradados suaves.<\/p>\n\n\t\t<\/div>\n\t<\/div>\n<\/div><\/div><div class=\"vc_tta-panel\" id=\"1595850119628-6bc04c2d-58a9\" data-vc-content=\".vc_tta-panel-body\"><div class=\"vc_tta-panel-heading\"><h4 class=\"vc_tta-panel-title vc_tta-controls-icon-position-left\"><a href=\"#1595850119628-6bc04c2d-58a9\" data-vc-accordion data-vc-container=\".vc_tta-container\"><span class=\"vc_tta-title-text\">Otros accesorios<\/span><i class=\"vc_tta-controls-icon vc_tta-controls-icon-plus\"><\/i><\/a><\/h4><\/div><div class=\"vc_tta-panel-body\">\n\t<div class=\"wpb_text_column wpb_content_element\" >\n\t\t<div class=\"wpb_wrapper\">\n\t\t\t<p><strong>Sacapuntas <\/strong>o cuchilla para afilar los l\u00e1pices.<\/p>\n<p><strong>Difumino<\/strong>. Cilindro de papel que tiene forma de l\u00e1piz de dos puntas y es para difuminar, aunque para m\u00ed, lo mejor para difuminar son los dedos, el difumino s\u00f3lo para las zonas donde nuestros dedos no caben y estropear\u00edan lo ya resuelto. El difuminado con los dedos es diferente al del difumino, es cuesti\u00f3n de gustos.<\/p>\n<p><strong>Soporte<\/strong>. Un tablero fino para apoyar el papel.<\/p>\n<p><strong>Pinzas<\/strong> para sujetar el papel en el que vamos a trabajar.<\/p>\n\n\t\t<\/div>\n\t<\/div>\n<\/div><\/div><\/div><\/div><\/div><\/div><\/div><\/div><\/div><\/div>\n<\/div>","protected":false},"excerpt":{"rendered":"<p>L\u00e1pices de grafito Al l\u00e1piz de grafito tambi\u00e9n se le conoce como l\u00e1piz de plomo. Es el m\u00e1s conocido para dibujar. Tambi\u00e9n hay barras de grafito. El grafito es un mineral s\u00f3lido, graso y de brillo met\u00e1lico derivado del carb\u00f3n. La mina del l\u00e1piz se compone de grafito natural mezclado con arcilla. La proporci\u00f3n de&hellip;<\/p>","protected":false},"author":1,"featured_media":0,"parent":0,"menu_order":0,"comment_status":"closed","ping_status":"closed","template":"","meta":{"footnotes":""},"class_list":["post-1619","page","type-page","status-publish","hentry","description-off"],"yoast_head":"<!-- This site is optimized with the Yoast SEO plugin v27.4 - https:\/\/yoast.com\/product\/yoast-seo-wordpress\/ -->\n<title>L\u00e1piz de grafito - Academia de dibujo y pintura Bgo<\/title>\n<meta name=\"description\" content=\"El l\u00e1piz de grafito es el m\u00e1s conocido para dibujar. Los hay de minas blandas e intensas para sombras y de minas duras para dibujo t\u00e9cnico.\" \/>\n<meta name=\"robots\" content=\"index, follow, max-snippet:-1, max-image-preview:large, max-video-preview:-1\" \/>\n<link rel=\"canonical\" href=\"https:\/\/academiabgo.es\/eu\/lapiz-de-grafito\/\" \/>\n<meta property=\"og:locale\" content=\"en_US\" \/>\n<meta property=\"og:type\" content=\"article\" \/>\n<meta property=\"og:title\" content=\"L\u00e1piz de grafito - Academia de dibujo y pintura Bgo\" \/>\n<meta property=\"og:description\" content=\"El l\u00e1piz de grafito es el m\u00e1s conocido para dibujar. Los hay de minas blandas e intensas para sombras y de minas duras para dibujo t\u00e9cnico.\" \/>\n<meta property=\"og:url\" content=\"https:\/\/academiabgo.es\/eu\/lapiz-de-grafito\/\" \/>\n<meta property=\"og:site_name\" content=\"Academia de dibujo y pintura Bgo\" \/>\n<meta property=\"article:modified_time\" content=\"2021-05-04T22:17:19+00:00\" \/>\n<meta name=\"twitter:card\" content=\"summary_large_image\" \/>\n<script type=\"application\/ld+json\" class=\"yoast-schema-graph\">{\"@context\":\"https:\\\/\\\/schema.org\",\"@graph\":[{\"@type\":\"WebPage\",\"@id\":\"https:\\\/\\\/academiabgo.es\\\/lapiz-de-grafito\\\/\",\"url\":\"https:\\\/\\\/academiabgo.es\\\/lapiz-de-grafito\\\/\",\"name\":\"L\u00e1piz de grafito - Academia de dibujo y pintura Bgo\",\"isPartOf\":{\"@id\":\"https:\\\/\\\/academiabgo.es\\\/#website\"},\"datePublished\":\"2020-07-27T10:20:09+00:00\",\"dateModified\":\"2021-05-04T22:17:19+00:00\",\"description\":\"El l\u00e1piz de grafito es el m\u00e1s conocido para dibujar. Los hay de minas blandas e intensas para sombras y de minas duras para dibujo t\u00e9cnico.\",\"breadcrumb\":{\"@id\":\"https:\\\/\\\/academiabgo.es\\\/lapiz-de-grafito\\\/#breadcrumb\"},\"inLanguage\":\"eu\",\"potentialAction\":[{\"@type\":\"ReadAction\",\"target\":[\"https:\\\/\\\/academiabgo.es\\\/lapiz-de-grafito\\\/\"]}]},{\"@type\":\"BreadcrumbList\",\"@id\":\"https:\\\/\\\/academiabgo.es\\\/lapiz-de-grafito\\\/#breadcrumb\",\"itemListElement\":[{\"@type\":\"ListItem\",\"position\":1,\"name\":\"Portada\",\"item\":\"https:\\\/\\\/academiabgo.es\\\/\"},{\"@type\":\"ListItem\",\"position\":2,\"name\":\"L\u00e1piz de grafito\"}]},{\"@type\":\"WebSite\",\"@id\":\"https:\\\/\\\/academiabgo.es\\\/#website\",\"url\":\"https:\\\/\\\/academiabgo.es\\\/\",\"name\":\"Academia de dibujo y pintura Bgo\",\"description\":\"Clases de dibujo y pintura en Arrigorriaga  para todas las edades y niveles.\",\"publisher\":{\"@id\":\"https:\\\/\\\/academiabgo.es\\\/#organization\"},\"potentialAction\":[{\"@type\":\"SearchAction\",\"target\":{\"@type\":\"EntryPoint\",\"urlTemplate\":\"https:\\\/\\\/academiabgo.es\\\/?s={search_term_string}\"},\"query-input\":{\"@type\":\"PropertyValueSpecification\",\"valueRequired\":true,\"valueName\":\"search_term_string\"}}],\"inLanguage\":\"eu\"},{\"@type\":\"Organization\",\"@id\":\"https:\\\/\\\/academiabgo.es\\\/#organization\",\"name\":\"Academia de dibujo y pintura Bgo\",\"url\":\"https:\\\/\\\/academiabgo.es\\\/\",\"logo\":{\"@type\":\"ImageObject\",\"inLanguage\":\"eu\",\"@id\":\"https:\\\/\\\/academiabgo.es\\\/#\\\/schema\\\/logo\\\/image\\\/\",\"url\":\"https:\\\/\\\/academiabgo.es\\\/wp-content\\\/uploads\\\/2021\\\/03\\\/LOGOTIPO-ACADEMIA-movil.png\",\"contentUrl\":\"https:\\\/\\\/academiabgo.es\\\/wp-content\\\/uploads\\\/2021\\\/03\\\/LOGOTIPO-ACADEMIA-movil.png\",\"width\":90,\"height\":58,\"caption\":\"Academia de dibujo y pintura Bgo\"},\"image\":{\"@id\":\"https:\\\/\\\/academiabgo.es\\\/#\\\/schema\\\/logo\\\/image\\\/\"}}]}<\/script>\n<!-- \/ Yoast SEO plugin. -->","yoast_head_json":{"title":"L\u00e1piz de grafito - Academia de dibujo y pintura Bgo","description":"El l\u00e1piz de grafito es el m\u00e1s conocido para dibujar. Los hay de minas blandas e intensas para sombras y de minas duras para dibujo t\u00e9cnico.","robots":{"index":"index","follow":"follow","max-snippet":"max-snippet:-1","max-image-preview":"max-image-preview:large","max-video-preview":"max-video-preview:-1"},"canonical":"https:\/\/academiabgo.es\/eu\/lapiz-de-grafito\/","og_locale":"en_US","og_type":"article","og_title":"L\u00e1piz de grafito - Academia de dibujo y pintura Bgo","og_description":"El l\u00e1piz de grafito es el m\u00e1s conocido para dibujar. Los hay de minas blandas e intensas para sombras y de minas duras para dibujo t\u00e9cnico.","og_url":"https:\/\/academiabgo.es\/eu\/lapiz-de-grafito\/","og_site_name":"Academia de dibujo y pintura Bgo","article_modified_time":"2021-05-04T22:17:19+00:00","twitter_card":"summary_large_image","schema":{"@context":"https:\/\/schema.org","@graph":[{"@type":"WebPage","@id":"https:\/\/academiabgo.es\/lapiz-de-grafito\/","url":"https:\/\/academiabgo.es\/lapiz-de-grafito\/","name":"L\u00e1piz de grafito - Academia de dibujo y pintura Bgo","isPartOf":{"@id":"https:\/\/academiabgo.es\/#website"},"datePublished":"2020-07-27T10:20:09+00:00","dateModified":"2021-05-04T22:17:19+00:00","description":"El l\u00e1piz de grafito es el m\u00e1s conocido para dibujar. Los hay de minas blandas e intensas para sombras y de minas duras para dibujo t\u00e9cnico.","breadcrumb":{"@id":"https:\/\/academiabgo.es\/lapiz-de-grafito\/#breadcrumb"},"inLanguage":"eu","potentialAction":[{"@type":"ReadAction","target":["https:\/\/academiabgo.es\/lapiz-de-grafito\/"]}]},{"@type":"BreadcrumbList","@id":"https:\/\/academiabgo.es\/lapiz-de-grafito\/#breadcrumb","itemListElement":[{"@type":"ListItem","position":1,"name":"Portada","item":"https:\/\/academiabgo.es\/"},{"@type":"ListItem","position":2,"name":"L\u00e1piz de grafito"}]},{"@type":"WebSite","@id":"https:\/\/academiabgo.es\/#website","url":"https:\/\/academiabgo.es\/","name":"Academia de dibujo y pintura Bgo","description":"Clases de dibujo y pintura en Arrigorriaga  para todas las edades y niveles.","publisher":{"@id":"https:\/\/academiabgo.es\/#organization"},"potentialAction":[{"@type":"SearchAction","target":{"@type":"EntryPoint","urlTemplate":"https:\/\/academiabgo.es\/?s={search_term_string}"},"query-input":{"@type":"PropertyValueSpecification","valueRequired":true,"valueName":"search_term_string"}}],"inLanguage":"eu"},{"@type":"Organization","@id":"https:\/\/academiabgo.es\/#organization","name":"Academia de dibujo y pintura Bgo","url":"https:\/\/academiabgo.es\/","logo":{"@type":"ImageObject","inLanguage":"eu","@id":"https:\/\/academiabgo.es\/#\/schema\/logo\/image\/","url":"https:\/\/academiabgo.es\/wp-content\/uploads\/2021\/03\/LOGOTIPO-ACADEMIA-movil.png","contentUrl":"https:\/\/academiabgo.es\/wp-content\/uploads\/2021\/03\/LOGOTIPO-ACADEMIA-movil.png","width":90,"height":58,"caption":"Academia de dibujo y pintura Bgo"},"image":{"@id":"https:\/\/academiabgo.es\/#\/schema\/logo\/image\/"}}]}},"_links":{"self":[{"href":"https:\/\/academiabgo.es\/eu\/wp-json\/wp\/v2\/pages\/1619","targetHints":{"allow":["GET"]}}],"collection":[{"href":"https:\/\/academiabgo.es\/eu\/wp-json\/wp\/v2\/pages"}],"about":[{"href":"https:\/\/academiabgo.es\/eu\/wp-json\/wp\/v2\/types\/page"}],"author":[{"embeddable":true,"href":"https:\/\/academiabgo.es\/eu\/wp-json\/wp\/v2\/users\/1"}],"replies":[{"embeddable":true,"href":"https:\/\/academiabgo.es\/eu\/wp-json\/wp\/v2\/comments?post=1619"}],"version-history":[{"count":1,"href":"https:\/\/academiabgo.es\/eu\/wp-json\/wp\/v2\/pages\/1619\/revisions"}],"predecessor-version":[{"id":2489,"href":"https:\/\/academiabgo.es\/eu\/wp-json\/wp\/v2\/pages\/1619\/revisions\/2489"}],"wp:attachment":[{"href":"https:\/\/academiabgo.es\/eu\/wp-json\/wp\/v2\/media?parent=1619"}],"curies":[{"name":"wp","href":"https:\/\/api.w.org\/{rel}","templated":true}]}}